{"id":19468,"date":"2022-07-13T12:58:37","date_gmt":"2022-07-13T12:58:37","guid":{"rendered":"https:\/\/bonjour-madrid.com\/?post_type=product&#038;p=19468"},"modified":"2024-01-17T15:04:32","modified_gmt":"2024-01-17T13:04:32","slug":"nie-pack-autonomo","status":"publish","type":"product","link":"https:\/\/bonjour-madrid.com\/en\/produit\/nie-pack-autonomo\/","title":{"rendered":"NIE PACK Autonomo"},"content":{"rendered":"<p><strong>The service includes:<\/strong><strong><br \/>\n<\/strong><\/p>\n<p>The service includes:<br \/>\n&#8211; A telephone consultation to understand your needs and answer your questions;<br \/>\n&#8211; Preparation of all the documents for the first step of the NIE &#8220;Administrative&#8221; to declare yourself as autonomo<br \/>\n&#8211; Contact with a bank and\/or a gestor for the alta if necessary (Entre Tramites) -&gt; Possibility to obtain -10% discount on their services.<br \/>\n&#8211; Preparation of all the documents for the &#8220;Resident&#8221; NIE\u00a0 as a second step<br \/>\n&#8211; An informative document including the steps to pay the tax as well as a checklist to make sure you don&#8217;t forget anything before your appointment;<br \/>\n&#8211; The appointment (cita previa) at the police station of your choice, there will be two in total: one for the administrative NIE allowing you to declare yourself as an autonomo, and one for the definitive NIE once declared<\/p>\n<p>Plus: Possibility of passing the invoice as a charge (Gastos)<\/p>\n<p>A tax of 9,84 \u20ac and then 12 \u20ac will be due.<\/p>\n<p>Time required to obtain the NIE: between 7 days and 2 weeks.<\/p>\n<p>The person requesting the NIE will have to go alone to the appointment at the police station.<\/p>\n<p><strong>Timeframe for the obtention:<\/strong> between 2 to 6 weeks.<strong><\/strong><\/p>\n<p>The person requesting the NIE must go alone to the appointment at the police station.<\/p>\n","protected":false},"excerpt":{"rendered":"<p>This service is offered for <strong>anyone who wants to register as an autonomo,\u00a0<\/strong><\/p>\n","protected":false},"featured_media":17637,"template":"","meta":{"_monsterinsights_skip_tracking":false,"_monsterinsights_sitenote_active":false,"_monsterinsights_sitenote_note":"","_monsterinsights_sitenote_category":0},"product_brand":[],"product_cat":[177],"product_tag":[],"class_list":{"0":"post-19468","1":"product","2":"type-product","3":"status-publish","4":"has-post-thumbnail","6":"product_cat-nie-2","8":"first","9":"instock","10":"virtual","11":"taxable","12":"purchasable","13":"product-type-simple"},"yoast_head":"<!-- This site is optimized with the Yoast SEO plugin v27.5 - https:\/\/yoast.com\/product\/yoast-seo-wordpress\/ -->\n<title>NIE PACK Autonomo | Bonjour Madrid<\/title>\n<meta name=\"robots\" content=\"noindex, follow\" \/>\n<meta property=\"og:locale\" content=\"en_US\" \/>\n<meta property=\"og:type\" content=\"article\" \/>\n<meta property=\"og:title\" content=\"NIE PACK Autonomo | Bonjour Madrid\" \/>\n<meta property=\"og:description\" content=\"This service is offered for anyone who wants to register as an autonomo,\u00a0\" \/>\n<meta property=\"og:url\" content=\"https:\/\/bonjour-madrid.com\/en\/produit\/nie-pack-autonomo\/\" \/>\n<meta property=\"og:site_name\" content=\"Bonjour Madrid\" \/>\n<meta property=\"article:modified_time\" content=\"2024-01-17T13:04:32+00:00\" \/>\n<meta property=\"og:image\" content=\"https:\/\/mlegir5bh65o.i.optimole.com\/cb:7xQJ.1858b\/w:auto\/h:auto\/q:mauto\/f:best\/https:\/\/bonjour-madrid.com\/wp-content\/uploads\/2021\/03\/46B27FE5-819A-45DC-87EB-34E11B08BB02_1_105_c-e1615828215344.jpeg\" \/>\n\t<meta property=\"og:image:width\" content=\"768\" \/>\n\t<meta property=\"og:image:height\" content=\"622\" \/>\n\t<meta property=\"og:image:type\" content=\"image\/jpeg\" \/>\n<meta name=\"twitter:card\" content=\"summary_large_image\" \/>\n<meta name=\"twitter:label1\" content=\"Est. reading time\" \/>\n\t<meta name=\"twitter:data1\" content=\"2 minutes\" \/>\n<script type=\"application\/ld+json\" class=\"yoast-schema-graph\">{\"@context\":\"https:\\\/\\\/schema.org\",\"@graph\":[{\"@type\":\"WebPage\",\"@id\":\"https:\\\/\\\/bonjour-madrid.com\\\/en\\\/produit\\\/nie-pack-autonomo\\\/\",\"url\":\"https:\\\/\\\/bonjour-madrid.com\\\/en\\\/produit\\\/nie-pack-autonomo\\\/\",\"name\":\"NIE PACK Autonomo | Bonjour Madrid\",\"isPartOf\":{\"@id\":\"https:\\\/\\\/bonjour-madrid.com\\\/#website\"},\"primaryImageOfPage\":{\"@id\":\"https:\\\/\\\/bonjour-madrid.com\\\/en\\\/produit\\\/nie-pack-autonomo\\\/#primaryimage\"},\"image\":{\"@id\":\"https:\\\/\\\/bonjour-madrid.com\\\/en\\\/produit\\\/nie-pack-autonomo\\\/#primaryimage\"},\"thumbnailUrl\":\"https:\\/\\/bonjour-madrid.com\\/wp-content\\/uploads\\/2021\\/03\\/46B27FE5-819A-45DC-87EB-34E11B08BB02_1_105_c-e1615828215344.jpeg\",\"datePublished\":\"2022-07-13T12:58:37+00:00\",\"dateModified\":\"2024-01-17T13:04:32+00:00\",\"breadcrumb\":{\"@id\":\"https:\\\/\\\/bonjour-madrid.com\\\/en\\\/produit\\\/nie-pack-autonomo\\\/#breadcrumb\"},\"inLanguage\":\"en-US\",\"potentialAction\":[{\"@type\":\"ReadAction\",\"target\":[\"https:\\\/\\\/bonjour-madrid.com\\\/en\\\/produit\\\/nie-pack-autonomo\\\/\"]}]},{\"@type\":\"ImageObject\",\"inLanguage\":\"en-US\",\"@id\":\"https:\\\/\\\/bonjour-madrid.com\\\/en\\\/produit\\\/nie-pack-autonomo\\\/#primaryimage\",\"url\":\"https:\\/\\/bonjour-madrid.com\\/wp-content\\/uploads\\/2021\\/03\\/46B27FE5-819A-45DC-87EB-34E11B08BB02_1_105_c-e1615828215344.jpeg\",\"contentUrl\":\"https:\\/\\/bonjour-madrid.com\\/wp-content\\/uploads\\/2021\\/03\\/46B27FE5-819A-45DC-87EB-34E11B08BB02_1_105_c-e1615828215344.jpeg\",\"width\":768,\"height\":622},{\"@type\":\"BreadcrumbList\",\"@id\":\"https:\\\/\\\/bonjour-madrid.com\\\/en\\\/produit\\\/nie-pack-autonomo\\\/#breadcrumb\",\"itemListElement\":[{\"@type\":\"ListItem\",\"position\":1,\"name\":\"Accueil\",\"item\":\"https:\\\/\\\/bonjour-madrid.com\\\/en\\\/\"},{\"@type\":\"ListItem\",\"position\":2,\"name\":\"Boutique\",\"item\":\"https:\\\/\\\/bonjour-madrid.com\\\/boutique\\\/\"},{\"@type\":\"ListItem\",\"position\":3,\"name\":\"NIE PACK Autonomo\"}]},{\"@type\":\"WebSite\",\"@id\":\"https:\\\/\\\/bonjour-madrid.com\\\/#website\",\"url\":\"https:\\\/\\\/bonjour-madrid.com\\\/\",\"name\":\"Bonjour Madrid\",\"description\":\"Vous installer en Espagne n&#039;\u00e0 jamais \u00e9t\u00e9 aussi facile.\",\"publisher\":{\"@id\":\"https:\\\/\\\/bonjour-madrid.com\\\/#organization\"},\"potentialAction\":[{\"@type\":\"SearchAction\",\"target\":{\"@type\":\"EntryPoint\",\"urlTemplate\":\"https:\\\/\\\/bonjour-madrid.com\\\/?s={search_term_string}\"},\"query-input\":{\"@type\":\"PropertyValueSpecification\",\"valueRequired\":true,\"valueName\":\"search_term_string\"}}],\"inLanguage\":\"en-US\"},{\"@type\":\"Organization\",\"@id\":\"https:\\\/\\\/bonjour-madrid.com\\\/#organization\",\"name\":\"Bonjour Madrid\",\"url\":\"https:\\\/\\\/bonjour-madrid.com\\\/\",\"logo\":{\"@type\":\"ImageObject\",\"inLanguage\":\"en-US\",\"@id\":\"https:\\\/\\\/bonjour-madrid.com\\\/#\\\/schema\\\/logo\\\/image\\\/\",\"url\":\"https:\\/\\/bonjour-madrid.com\\/wp-content\\/uploads\\/2025\\/04\\/bonjour-madrid-logo-noir.webp\",\"contentUrl\":\"https:\\/\\/bonjour-madrid.com\\/wp-content\\/uploads\\/2025\\/04\\/bonjour-madrid-logo-noir.webp\",\"width\":1127,\"height\":349,\"caption\":\"Bonjour Madrid\"},\"image\":{\"@id\":\"https:\\\/\\\/bonjour-madrid.com\\\/#\\\/schema\\\/logo\\\/image\\\/\"}}]}<\/script>\n<!-- \/ Yoast SEO plugin. -->","yoast_head_json":{"title":"NIE PACK Autonomo | Bonjour Madrid","robots":{"index":"noindex","follow":"follow"},"og_locale":"en_US","og_type":"article","og_title":"NIE PACK Autonomo | Bonjour Madrid","og_description":"This service is offered for anyone who wants to register as an autonomo,\u00a0","og_url":"https:\/\/bonjour-madrid.com\/en\/produit\/nie-pack-autonomo\/","og_site_name":"Bonjour Madrid","article_modified_time":"2024-01-17T13:04:32+00:00","og_image":[{"width":768,"height":622,"url":"https:\/\/mlegir5bh65o.i.optimole.com\/cb:7xQJ.1858b\/w:auto\/h:auto\/q:mauto\/f:best\/https:\/\/bonjour-madrid.com\/wp-content\/uploads\/2021\/03\/46B27FE5-819A-45DC-87EB-34E11B08BB02_1_105_c-e1615828215344.jpeg","type":"image\/jpeg"}],"twitter_card":"summary_large_image","twitter_misc":{"Est. reading time":"2 minutes"},"schema":{"@context":"https:\/\/schema.org","@graph":[{"@type":"WebPage","@id":"https:\/\/bonjour-madrid.com\/en\/produit\/nie-pack-autonomo\/","url":"https:\/\/bonjour-madrid.com\/en\/produit\/nie-pack-autonomo\/","name":"NIE PACK Autonomo | Bonjour Madrid","isPartOf":{"@id":"https:\/\/bonjour-madrid.com\/#website"},"primaryImageOfPage":{"@id":"https:\/\/bonjour-madrid.com\/en\/produit\/nie-pack-autonomo\/#primaryimage"},"image":{"@id":"https:\/\/bonjour-madrid.com\/en\/produit\/nie-pack-autonomo\/#primaryimage"},"thumbnailUrl":"https:\/\/mlegir5bh65o.i.optimole.com\/cb:7xQJ.1858b\/w:auto\/h:auto\/q:mauto\/f:best\/https:\/\/bonjour-madrid.com\/wp-content\/uploads\/2021\/03\/46B27FE5-819A-45DC-87EB-34E11B08BB02_1_105_c-e1615828215344.jpeg","datePublished":"2022-07-13T12:58:37+00:00","dateModified":"2024-01-17T13:04:32+00:00","breadcrumb":{"@id":"https:\/\/bonjour-madrid.com\/en\/produit\/nie-pack-autonomo\/#breadcrumb"},"inLanguage":"en-US","potentialAction":[{"@type":"ReadAction","target":["https:\/\/bonjour-madrid.com\/en\/produit\/nie-pack-autonomo\/"]}]},{"@type":"ImageObject","inLanguage":"en-US","@id":"https:\/\/bonjour-madrid.com\/en\/produit\/nie-pack-autonomo\/#primaryimage","url":"https:\/\/mlegir5bh65o.i.optimole.com\/cb:7xQJ.1858b\/w:auto\/h:auto\/q:mauto\/f:best\/https:\/\/bonjour-madrid.com\/wp-content\/uploads\/2021\/03\/46B27FE5-819A-45DC-87EB-34E11B08BB02_1_105_c-e1615828215344.jpeg","contentUrl":"https:\/\/mlegir5bh65o.i.optimole.com\/cb:7xQJ.1858b\/w:auto\/h:auto\/q:mauto\/f:best\/https:\/\/bonjour-madrid.com\/wp-content\/uploads\/2021\/03\/46B27FE5-819A-45DC-87EB-34E11B08BB02_1_105_c-e1615828215344.jpeg","width":768,"height":622},{"@type":"BreadcrumbList","@id":"https:\/\/bonjour-madrid.com\/en\/produit\/nie-pack-autonomo\/#breadcrumb","itemListElement":[{"@type":"ListItem","position":1,"name":"Accueil","item":"https:\/\/bonjour-madrid.com\/en\/"},{"@type":"ListItem","position":2,"name":"Boutique","item":"https:\/\/bonjour-madrid.com\/boutique\/"},{"@type":"ListItem","position":3,"name":"NIE PACK Autonomo"}]},{"@type":"WebSite","@id":"https:\/\/bonjour-madrid.com\/#website","url":"https:\/\/bonjour-madrid.com\/","name":"Bonjour Madrid","description":"Vous installer en Espagne n&#039;\u00e0 jamais \u00e9t\u00e9 aussi facile.","publisher":{"@id":"https:\/\/bonjour-madrid.com\/#organization"},"potentialAction":[{"@type":"SearchAction","target":{"@type":"EntryPoint","urlTemplate":"https:\/\/bonjour-madrid.com\/?s={search_term_string}"},"query-input":{"@type":"PropertyValueSpecification","valueRequired":true,"valueName":"search_term_string"}}],"inLanguage":"en-US"},{"@type":"Organization","@id":"https:\/\/bonjour-madrid.com\/#organization","name":"Bonjour Madrid","url":"https:\/\/bonjour-madrid.com\/","logo":{"@type":"ImageObject","inLanguage":"en-US","@id":"https:\/\/bonjour-madrid.com\/#\/schema\/logo\/image\/","url":"https:\/\/mlegir5bh65o.i.optimole.com\/cb:7xQJ.1858b\/w:auto\/h:auto\/q:mauto\/f:best\/https:\/\/bonjour-madrid.com\/wp-content\/uploads\/2025\/04\/bonjour-madrid-logo-noir.webp","contentUrl":"https:\/\/mlegir5bh65o.i.optimole.com\/cb:7xQJ.1858b\/w:auto\/h:auto\/q:mauto\/f:best\/https:\/\/bonjour-madrid.com\/wp-content\/uploads\/2025\/04\/bonjour-madrid-logo-noir.webp","width":1127,"height":349,"caption":"Bonjour Madrid"},"image":{"@id":"https:\/\/bonjour-madrid.com\/#\/schema\/logo\/image\/"}}]}},"_links":{"self":[{"href":"https:\/\/bonjour-madrid.com\/en\/wp-json\/wp\/v2\/product\/19468","targetHints":{"allow":["GET"]}}],"collection":[{"href":"https:\/\/bonjour-madrid.com\/en\/wp-json\/wp\/v2\/product"}],"about":[{"href":"https:\/\/bonjour-madrid.com\/en\/wp-json\/wp\/v2\/types\/product"}],"version-history":[{"count":0,"href":"https:\/\/bonjour-madrid.com\/en\/wp-json\/wp\/v2\/product\/19468\/revisions"}],"wp:featuredmedia":[{"embeddable":true,"href":"https:\/\/bonjour-madrid.com\/en\/wp-json\/wp\/v2\/media\/17637"}],"wp:attachment":[{"href":"https:\/\/bonjour-madrid.com\/en\/wp-json\/wp\/v2\/media?parent=19468"}],"wp:term":[{"taxonomy":"product_brand","embeddable":true,"href":"https:\/\/bonjour-madrid.com\/en\/wp-json\/wp\/v2\/product_brand?post=19468"},{"taxonomy":"product_cat","embeddable":true,"href":"https:\/\/bonjour-madrid.com\/en\/wp-json\/wp\/v2\/product_cat?post=19468"},{"taxonomy":"product_tag","embeddable":true,"href":"https:\/\/bonjour-madrid.com\/en\/wp-json\/wp\/v2\/product_tag?post=19468"}],"curies":[{"name":"wp","href":"https:\/\/api.w.org\/{rel}","templated":true}]}}