{"id":18440,"date":"2021-07-13T06:28:56","date_gmt":"2021-07-13T06:28:56","guid":{"rendered":"http:\/\/bonjour-madrid.com\/?post_type=product&#038;p=18440"},"modified":"2022-07-15T11:31:30","modified_gmt":"2022-07-15T11:31:30","slug":"remote-administrative-nie-pack","status":"publish","type":"product","link":"https:\/\/bonjour-madrid.com\/en\/produit\/remote-administrative-nie-pack\/","title":{"rendered":"Remote administrative NIE PACK"},"content":{"rendered":"<p>The delegation can only be done through the signature of a mandate in the presence of a notary in the country of origin (poder notarial).<\/p>\n<p><strong>The service includes:<\/strong><br \/>\n&#8211; A telephone consultation to understand your needs and answer your questions;<br \/>\n&#8211; The drafting of the POA in two columns (FR-ES or EN-ES);<br \/>\n&#8211; Coordination with a trusted notary to arrange the signing and apostille of the document;<br \/>\n&#8211; Preparation of all documents in the file;<br \/>\n&#8211; Making the appointment (cita previa) at the police station;<br \/>\n&#8211; The trip to obtain the NIE.<\/p>\n<p>&nbsp;<\/p>\n<p>The fee of \u20ac9,74 is included.<\/p>\n<p><strong>Time frame:<\/strong> between 2 and 4 weeks depending on the cooperation of the notary and the time frame for sending the documents.<\/p>\n<p>&nbsp;<\/p>\n","protected":false},"excerpt":{"rendered":"<p>This service is offered for <strong>anyone who wants to register as an autonomo, have a work contract of less than 3 months, incorporate a company, declare an inheritance or buy a property, without having to travel from their country of origin.<\/strong><\/p>\n","protected":false},"featured_media":16989,"template":"","meta":{"_monsterinsights_skip_tracking":false,"_monsterinsights_sitenote_active":false,"_monsterinsights_sitenote_note":"","_monsterinsights_sitenote_category":0},"product_brand":[],"product_cat":[177],"product_tag":[],"class_list":{"0":"post-18440","1":"product","2":"type-product","3":"status-publish","4":"has-post-thumbnail","6":"product_cat-nie-2","8":"first","9":"instock","10":"taxable","11":"shipping-taxable","12":"purchasable","13":"product-type-simple"},"yoast_head":"<!-- This site is optimized with the Yoast SEO plugin v27.5 - https:\/\/yoast.com\/product\/yoast-seo-wordpress\/ -->\n<title>Remote administrative NIE PACK | Bonjour Madrid<\/title>\n<meta name=\"robots\" content=\"noindex, follow\" \/>\n<meta property=\"og:locale\" content=\"en_US\" \/>\n<meta property=\"og:type\" content=\"article\" \/>\n<meta property=\"og:title\" content=\"Remote administrative NIE PACK | Bonjour Madrid\" \/>\n<meta property=\"og:description\" content=\"This service is offered for anyone who wants to register as an autonomo, have a work contract of less than 3 months, incorporate a company, declare an inheritance or buy a property, without having to travel from their country of origin.\" \/>\n<meta property=\"og:url\" content=\"https:\/\/bonjour-madrid.com\/en\/produit\/remote-administrative-nie-pack\/\" \/>\n<meta property=\"og:site_name\" content=\"Bonjour Madrid\" \/>\n<meta property=\"article:modified_time\" content=\"2022-07-15T11:31:30+00:00\" \/>\n<meta property=\"og:image\" content=\"https:\/\/mlegir5bh65o.i.optimole.com\/cb:7xQJ.1858b\/w:auto\/h:auto\/q:mauto\/f:best\/https:\/\/bonjour-madrid.com\/wp-content\/uploads\/2021\/03\/NIE-Admin.jpg\" \/>\n\t<meta property=\"og:image:width\" content=\"1500\" \/>\n\t<meta property=\"og:image:height\" content=\"1090\" \/>\n\t<meta property=\"og:image:type\" content=\"image\/jpeg\" \/>\n<meta name=\"twitter:card\" content=\"summary_large_image\" \/>\n<meta name=\"twitter:label1\" content=\"Est. reading time\" \/>\n\t<meta name=\"twitter:data1\" content=\"1 minute\" \/>\n<script type=\"application\/ld+json\" class=\"yoast-schema-graph\">{\"@context\":\"https:\\\/\\\/schema.org\",\"@graph\":[{\"@type\":\"WebPage\",\"@id\":\"https:\\\/\\\/bonjour-madrid.com\\\/en\\\/produit\\\/remote-administrative-nie-pack\\\/\",\"url\":\"https:\\\/\\\/bonjour-madrid.com\\\/en\\\/produit\\\/remote-administrative-nie-pack\\\/\",\"name\":\"Remote administrative NIE PACK | Bonjour Madrid\",\"isPartOf\":{\"@id\":\"https:\\\/\\\/bonjour-madrid.com\\\/#website\"},\"primaryImageOfPage\":{\"@id\":\"https:\\\/\\\/bonjour-madrid.com\\\/en\\\/produit\\\/remote-administrative-nie-pack\\\/#primaryimage\"},\"image\":{\"@id\":\"https:\\\/\\\/bonjour-madrid.com\\\/en\\\/produit\\\/remote-administrative-nie-pack\\\/#primaryimage\"},\"thumbnailUrl\":\"https:\\/\\/bonjour-madrid.com\\/wp-content\\/uploads\\/2021\\/03\\/NIE-Admin.jpg\",\"datePublished\":\"2021-07-13T06:28:56+00:00\",\"dateModified\":\"2022-07-15T11:31:30+00:00\",\"breadcrumb\":{\"@id\":\"https:\\\/\\\/bonjour-madrid.com\\\/en\\\/produit\\\/remote-administrative-nie-pack\\\/#breadcrumb\"},\"inLanguage\":\"en-US\",\"potentialAction\":[{\"@type\":\"ReadAction\",\"target\":[\"https:\\\/\\\/bonjour-madrid.com\\\/en\\\/produit\\\/remote-administrative-nie-pack\\\/\"]}]},{\"@type\":\"ImageObject\",\"inLanguage\":\"en-US\",\"@id\":\"https:\\\/\\\/bonjour-madrid.com\\\/en\\\/produit\\\/remote-administrative-nie-pack\\\/#primaryimage\",\"url\":\"https:\\/\\/bonjour-madrid.com\\/wp-content\\/uploads\\/2021\\/03\\/NIE-Admin.jpg\",\"contentUrl\":\"https:\\/\\/bonjour-madrid.com\\/wp-content\\/uploads\\/2021\\/03\\/NIE-Admin.jpg\",\"width\":1500,\"height\":1090},{\"@type\":\"BreadcrumbList\",\"@id\":\"https:\\\/\\\/bonjour-madrid.com\\\/en\\\/produit\\\/remote-administrative-nie-pack\\\/#breadcrumb\",\"itemListElement\":[{\"@type\":\"ListItem\",\"position\":1,\"name\":\"Accueil\",\"item\":\"https:\\\/\\\/bonjour-madrid.com\\\/en\\\/\"},{\"@type\":\"ListItem\",\"position\":2,\"name\":\"Boutique\",\"item\":\"https:\\\/\\\/bonjour-madrid.com\\\/boutique\\\/\"},{\"@type\":\"ListItem\",\"position\":3,\"name\":\"Remote administrative NIE PACK\"}]},{\"@type\":\"WebSite\",\"@id\":\"https:\\\/\\\/bonjour-madrid.com\\\/#website\",\"url\":\"https:\\\/\\\/bonjour-madrid.com\\\/\",\"name\":\"Bonjour Madrid\",\"description\":\"Vous installer en Espagne n&#039;\u00e0 jamais \u00e9t\u00e9 aussi facile.\",\"publisher\":{\"@id\":\"https:\\\/\\\/bonjour-madrid.com\\\/#organization\"},\"potentialAction\":[{\"@type\":\"SearchAction\",\"target\":{\"@type\":\"EntryPoint\",\"urlTemplate\":\"https:\\\/\\\/bonjour-madrid.com\\\/?s={search_term_string}\"},\"query-input\":{\"@type\":\"PropertyValueSpecification\",\"valueRequired\":true,\"valueName\":\"search_term_string\"}}],\"inLanguage\":\"en-US\"},{\"@type\":\"Organization\",\"@id\":\"https:\\\/\\\/bonjour-madrid.com\\\/#organization\",\"name\":\"Bonjour Madrid\",\"url\":\"https:\\\/\\\/bonjour-madrid.com\\\/\",\"logo\":{\"@type\":\"ImageObject\",\"inLanguage\":\"en-US\",\"@id\":\"https:\\\/\\\/bonjour-madrid.com\\\/#\\\/schema\\\/logo\\\/image\\\/\",\"url\":\"https:\\/\\/bonjour-madrid.com\\/wp-content\\/uploads\\/2025\\/04\\/bonjour-madrid-logo-noir.webp\",\"contentUrl\":\"https:\\/\\/bonjour-madrid.com\\/wp-content\\/uploads\\/2025\\/04\\/bonjour-madrid-logo-noir.webp\",\"width\":1127,\"height\":349,\"caption\":\"Bonjour Madrid\"},\"image\":{\"@id\":\"https:\\\/\\\/bonjour-madrid.com\\\/#\\\/schema\\\/logo\\\/image\\\/\"}}]}<\/script>\n<!-- \/ Yoast SEO plugin. -->","yoast_head_json":{"title":"Remote administrative NIE PACK | Bonjour Madrid","robots":{"index":"noindex","follow":"follow"},"og_locale":"en_US","og_type":"article","og_title":"Remote administrative NIE PACK | Bonjour Madrid","og_description":"This service is offered for anyone who wants to register as an autonomo, have a work contract of less than 3 months, incorporate a company, declare an inheritance or buy a property, without having to travel from their country of origin.","og_url":"https:\/\/bonjour-madrid.com\/en\/produit\/remote-administrative-nie-pack\/","og_site_name":"Bonjour Madrid","article_modified_time":"2022-07-15T11:31:30+00:00","og_image":[{"width":1500,"height":1090,"url":"https:\/\/mlegir5bh65o.i.optimole.com\/cb:7xQJ.1858b\/w:auto\/h:auto\/q:mauto\/f:best\/https:\/\/bonjour-madrid.com\/wp-content\/uploads\/2021\/03\/NIE-Admin.jpg","type":"image\/jpeg"}],"twitter_card":"summary_large_image","twitter_misc":{"Est. reading time":"1 minute"},"schema":{"@context":"https:\/\/schema.org","@graph":[{"@type":"WebPage","@id":"https:\/\/bonjour-madrid.com\/en\/produit\/remote-administrative-nie-pack\/","url":"https:\/\/bonjour-madrid.com\/en\/produit\/remote-administrative-nie-pack\/","name":"Remote administrative NIE PACK | Bonjour Madrid","isPartOf":{"@id":"https:\/\/bonjour-madrid.com\/#website"},"primaryImageOfPage":{"@id":"https:\/\/bonjour-madrid.com\/en\/produit\/remote-administrative-nie-pack\/#primaryimage"},"image":{"@id":"https:\/\/bonjour-madrid.com\/en\/produit\/remote-administrative-nie-pack\/#primaryimage"},"thumbnailUrl":"https:\/\/mlegir5bh65o.i.optimole.com\/cb:7xQJ.1858b\/w:auto\/h:auto\/q:mauto\/f:best\/https:\/\/bonjour-madrid.com\/wp-content\/uploads\/2021\/03\/NIE-Admin.jpg","datePublished":"2021-07-13T06:28:56+00:00","dateModified":"2022-07-15T11:31:30+00:00","breadcrumb":{"@id":"https:\/\/bonjour-madrid.com\/en\/produit\/remote-administrative-nie-pack\/#breadcrumb"},"inLanguage":"en-US","potentialAction":[{"@type":"ReadAction","target":["https:\/\/bonjour-madrid.com\/en\/produit\/remote-administrative-nie-pack\/"]}]},{"@type":"ImageObject","inLanguage":"en-US","@id":"https:\/\/bonjour-madrid.com\/en\/produit\/remote-administrative-nie-pack\/#primaryimage","url":"https:\/\/mlegir5bh65o.i.optimole.com\/cb:7xQJ.1858b\/w:auto\/h:auto\/q:mauto\/f:best\/https:\/\/bonjour-madrid.com\/wp-content\/uploads\/2021\/03\/NIE-Admin.jpg","contentUrl":"https:\/\/mlegir5bh65o.i.optimole.com\/cb:7xQJ.1858b\/w:auto\/h:auto\/q:mauto\/f:best\/https:\/\/bonjour-madrid.com\/wp-content\/uploads\/2021\/03\/NIE-Admin.jpg","width":1500,"height":1090},{"@type":"BreadcrumbList","@id":"https:\/\/bonjour-madrid.com\/en\/produit\/remote-administrative-nie-pack\/#breadcrumb","itemListElement":[{"@type":"ListItem","position":1,"name":"Accueil","item":"https:\/\/bonjour-madrid.com\/en\/"},{"@type":"ListItem","position":2,"name":"Boutique","item":"https:\/\/bonjour-madrid.com\/boutique\/"},{"@type":"ListItem","position":3,"name":"Remote administrative NIE PACK"}]},{"@type":"WebSite","@id":"https:\/\/bonjour-madrid.com\/#website","url":"https:\/\/bonjour-madrid.com\/","name":"Bonjour Madrid","description":"Vous installer en Espagne n&#039;\u00e0 jamais \u00e9t\u00e9 aussi facile.","publisher":{"@id":"https:\/\/bonjour-madrid.com\/#organization"},"potentialAction":[{"@type":"SearchAction","target":{"@type":"EntryPoint","urlTemplate":"https:\/\/bonjour-madrid.com\/?s={search_term_string}"},"query-input":{"@type":"PropertyValueSpecification","valueRequired":true,"valueName":"search_term_string"}}],"inLanguage":"en-US"},{"@type":"Organization","@id":"https:\/\/bonjour-madrid.com\/#organization","name":"Bonjour Madrid","url":"https:\/\/bonjour-madrid.com\/","logo":{"@type":"ImageObject","inLanguage":"en-US","@id":"https:\/\/bonjour-madrid.com\/#\/schema\/logo\/image\/","url":"https:\/\/mlegir5bh65o.i.optimole.com\/cb:7xQJ.1858b\/w:auto\/h:auto\/q:mauto\/f:best\/https:\/\/bonjour-madrid.com\/wp-content\/uploads\/2025\/04\/bonjour-madrid-logo-noir.webp","contentUrl":"https:\/\/mlegir5bh65o.i.optimole.com\/cb:7xQJ.1858b\/w:auto\/h:auto\/q:mauto\/f:best\/https:\/\/bonjour-madrid.com\/wp-content\/uploads\/2025\/04\/bonjour-madrid-logo-noir.webp","width":1127,"height":349,"caption":"Bonjour Madrid"},"image":{"@id":"https:\/\/bonjour-madrid.com\/#\/schema\/logo\/image\/"}}]}},"_links":{"self":[{"href":"https:\/\/bonjour-madrid.com\/en\/wp-json\/wp\/v2\/product\/18440","targetHints":{"allow":["GET"]}}],"collection":[{"href":"https:\/\/bonjour-madrid.com\/en\/wp-json\/wp\/v2\/product"}],"about":[{"href":"https:\/\/bonjour-madrid.com\/en\/wp-json\/wp\/v2\/types\/product"}],"version-history":[{"count":0,"href":"https:\/\/bonjour-madrid.com\/en\/wp-json\/wp\/v2\/product\/18440\/revisions"}],"wp:featuredmedia":[{"embeddable":true,"href":"https:\/\/bonjour-madrid.com\/en\/wp-json\/wp\/v2\/media\/16989"}],"wp:attachment":[{"href":"https:\/\/bonjour-madrid.com\/en\/wp-json\/wp\/v2\/media?parent=18440"}],"wp:term":[{"taxonomy":"product_brand","embeddable":true,"href":"https:\/\/bonjour-madrid.com\/en\/wp-json\/wp\/v2\/product_brand?post=18440"},{"taxonomy":"product_cat","embeddable":true,"href":"https:\/\/bonjour-madrid.com\/en\/wp-json\/wp\/v2\/product_cat?post=18440"},{"taxonomy":"product_tag","embeddable":true,"href":"https:\/\/bonjour-madrid.com\/en\/wp-json\/wp\/v2\/product_tag?post=18440"}],"curies":[{"name":"wp","href":"https:\/\/api.w.org\/{rel}","templated":true}]}}