{"id":18378,"date":"2021-08-12T14:43:48","date_gmt":"2021-08-12T14:43:48","guid":{"rendered":"http:\/\/bonjour-madrid.com\/?post_type=product&#038;p=18378"},"modified":"2021-08-12T14:43:48","modified_gmt":"2021-08-12T14:43:48","slug":"request-for-a-tsi-tarjeta-sanitaria","status":"publish","type":"product","link":"https:\/\/bonjour-madrid.com\/en\/produit\/request-for-a-tsi-tarjeta-sanitaria\/","title":{"rendered":"Request for a TSI (Tarjeta Sanitaria)"},"content":{"rendered":"<p><strong>The service includes:<\/strong><\/p>\n<p><strong>For the padr\u00f3n and the digital certificate:<\/strong><br \/>\n\u2013 The preparation of all the necessary documents;<br \/>\n\u2013 Provision of a checklist to make sure you don&#8217;t forget anything on the day of your appointment;<br \/>\n\u2013 Making an appointment according to your choice of certificate.<\/p>\n<p>The person requesting the padr\u00f3n will have to go alone to the appointment or can delegate it to someone they know.<\/p>\n<p><strong>For the TSI request:<br \/>\n<\/strong><\/p>\n<p>Once the padr\u00f3n is obtained, we will apply for the individual health card.<\/p>\n<p><strong>Timeframe for the obtention: maximum 10 days.<\/strong><\/p>\n<ul>\n<li>We have no control over the timeframe for the reception of the TSI card once applied.<\/li>\n<\/ul>\n","protected":false},"excerpt":{"rendered":"<p>The service includes: For the padr\u00f3n and the digital certificate: \u2013 The preparation of all the necessary documents; \u2013 Provision of a checklist to make sure you don&#8217;t forget anything on the day of your appointment; \u2013 Making an appointment according to your choice of certificate. The person requesting the [&hellip;]<\/p>\n","protected":false},"featured_media":18326,"template":"","meta":{"_monsterinsights_skip_tracking":false,"_monsterinsights_sitenote_active":false,"_monsterinsights_sitenote_note":"","_monsterinsights_sitenote_category":0},"product_brand":[],"product_cat":[176],"product_tag":[],"class_list":{"0":"post-18378","1":"product","2":"type-product","3":"status-publish","4":"has-post-thumbnail","6":"product_cat-health-system","8":"first","9":"instock","10":"taxable","11":"shipping-taxable","12":"purchasable","13":"product-type-simple"},"yoast_head":"<!-- This site is optimized with the Yoast SEO plugin v27.5 - https:\/\/yoast.com\/product\/yoast-seo-wordpress\/ -->\n<title>Request for a TSI (Tarjeta Sanitaria) | Bonjour Madrid<\/title>\n<meta name=\"robots\" content=\"noindex, follow\" \/>\n<meta property=\"og:locale\" content=\"en_US\" \/>\n<meta property=\"og:type\" content=\"article\" \/>\n<meta property=\"og:title\" content=\"Request for a TSI (Tarjeta Sanitaria) | Bonjour Madrid\" \/>\n<meta property=\"og:description\" content=\"The service includes: For the padr\u00f3n and the digital certificate: \u2013 The preparation of all the necessary documents; \u2013 Provision of a checklist to make sure you don&#8217;t forget anything on the day of your appointment; \u2013 Making an appointment according to your choice of certificate. The person requesting the [&hellip;]\" \/>\n<meta property=\"og:url\" content=\"https:\/\/bonjour-madrid.com\/produit\/request-for-a-tsi-tarjeta-sanitaria?lang=en\" \/>\n<meta property=\"og:site_name\" content=\"Bonjour Madrid\" \/>\n<meta property=\"og:image\" content=\"https:\/\/mlegir5bh65o.i.optimole.com\/cb:7xQJ.1858b\/w:auto\/h:auto\/q:mauto\/f:best\/https:\/\/bonjour-madrid.com\/wp-content\/uploads\/2021\/06\/TSI_censored.jpg\" \/>\n\t<meta property=\"og:image:width\" content=\"1500\" \/>\n\t<meta property=\"og:image:height\" content=\"1092\" \/>\n\t<meta property=\"og:image:type\" content=\"image\/jpeg\" \/>\n<meta name=\"twitter:card\" content=\"summary_large_image\" \/>\n<meta name=\"twitter:label1\" content=\"Est. reading time\" \/>\n\t<meta name=\"twitter:data1\" content=\"1 minute\" \/>\n<script type=\"application\/ld+json\" class=\"yoast-schema-graph\">{\"@context\":\"https:\\\/\\\/schema.org\",\"@graph\":[{\"@type\":\"WebPage\",\"@id\":\"https:\\\/\\\/bonjour-madrid.com\\\/produit\\\/request-for-a-tsi-tarjeta-sanitaria?lang=en\",\"url\":\"https:\\\/\\\/bonjour-madrid.com\\\/produit\\\/request-for-a-tsi-tarjeta-sanitaria?lang=en\",\"name\":\"Request for a TSI (Tarjeta Sanitaria) | Bonjour Madrid\",\"isPartOf\":{\"@id\":\"https:\\\/\\\/bonjour-madrid.com\\\/#website\"},\"primaryImageOfPage\":{\"@id\":\"https:\\\/\\\/bonjour-madrid.com\\\/produit\\\/request-for-a-tsi-tarjeta-sanitaria?lang=en#primaryimage\"},\"image\":{\"@id\":\"https:\\\/\\\/bonjour-madrid.com\\\/produit\\\/request-for-a-tsi-tarjeta-sanitaria?lang=en#primaryimage\"},\"thumbnailUrl\":\"https:\\/\\/bonjour-madrid.com\\/wp-content\\/uploads\\/2021\\/06\\/TSI_censored.jpg\",\"datePublished\":\"2021-08-12T14:43:48+00:00\",\"breadcrumb\":{\"@id\":\"https:\\\/\\\/bonjour-madrid.com\\\/produit\\\/request-for-a-tsi-tarjeta-sanitaria?lang=en#breadcrumb\"},\"inLanguage\":\"en-US\",\"potentialAction\":[{\"@type\":\"ReadAction\",\"target\":[\"https:\\\/\\\/bonjour-madrid.com\\\/produit\\\/request-for-a-tsi-tarjeta-sanitaria?lang=en\"]}]},{\"@type\":\"ImageObject\",\"inLanguage\":\"en-US\",\"@id\":\"https:\\\/\\\/bonjour-madrid.com\\\/produit\\\/request-for-a-tsi-tarjeta-sanitaria?lang=en#primaryimage\",\"url\":\"https:\\/\\/bonjour-madrid.com\\/wp-content\\/uploads\\/2021\\/06\\/TSI_censored.jpg\",\"contentUrl\":\"https:\\/\\/bonjour-madrid.com\\/wp-content\\/uploads\\/2021\\/06\\/TSI_censored.jpg\",\"width\":1500,\"height\":1092,\"caption\":\"bonjour_barcelona_produit_1500x1092_TSI\"},{\"@type\":\"BreadcrumbList\",\"@id\":\"https:\\\/\\\/bonjour-madrid.com\\\/produit\\\/request-for-a-tsi-tarjeta-sanitaria?lang=en#breadcrumb\",\"itemListElement\":[{\"@type\":\"ListItem\",\"position\":1,\"name\":\"Accueil\",\"item\":\"https:\\\/\\\/bonjour-madrid.com\\\/en\\\/\"},{\"@type\":\"ListItem\",\"position\":2,\"name\":\"Boutique\",\"item\":\"https:\\\/\\\/bonjour-madrid.com\\\/boutique\\\/\"},{\"@type\":\"ListItem\",\"position\":3,\"name\":\"Request for a TSI (Tarjeta Sanitaria)\"}]},{\"@type\":\"WebSite\",\"@id\":\"https:\\\/\\\/bonjour-madrid.com\\\/#website\",\"url\":\"https:\\\/\\\/bonjour-madrid.com\\\/\",\"name\":\"Bonjour Madrid\",\"description\":\"Vous installer en Espagne n&#039;\u00e0 jamais \u00e9t\u00e9 aussi facile.\",\"publisher\":{\"@id\":\"https:\\\/\\\/bonjour-madrid.com\\\/#organization\"},\"potentialAction\":[{\"@type\":\"SearchAction\",\"target\":{\"@type\":\"EntryPoint\",\"urlTemplate\":\"https:\\\/\\\/bonjour-madrid.com\\\/?s={search_term_string}\"},\"query-input\":{\"@type\":\"PropertyValueSpecification\",\"valueRequired\":true,\"valueName\":\"search_term_string\"}}],\"inLanguage\":\"en-US\"},{\"@type\":\"Organization\",\"@id\":\"https:\\\/\\\/bonjour-madrid.com\\\/#organization\",\"name\":\"Bonjour Madrid\",\"url\":\"https:\\\/\\\/bonjour-madrid.com\\\/\",\"logo\":{\"@type\":\"ImageObject\",\"inLanguage\":\"en-US\",\"@id\":\"https:\\\/\\\/bonjour-madrid.com\\\/#\\\/schema\\\/logo\\\/image\\\/\",\"url\":\"https:\\/\\/bonjour-madrid.com\\/wp-content\\/uploads\\/2025\\/04\\/bonjour-madrid-logo-noir.webp\",\"contentUrl\":\"https:\\/\\/bonjour-madrid.com\\/wp-content\\/uploads\\/2025\\/04\\/bonjour-madrid-logo-noir.webp\",\"width\":1127,\"height\":349,\"caption\":\"Bonjour Madrid\"},\"image\":{\"@id\":\"https:\\\/\\\/bonjour-madrid.com\\\/#\\\/schema\\\/logo\\\/image\\\/\"}}]}<\/script>\n<!-- \/ Yoast SEO plugin. -->","yoast_head_json":{"title":"Request for a TSI (Tarjeta Sanitaria) | Bonjour Madrid","robots":{"index":"noindex","follow":"follow"},"og_locale":"en_US","og_type":"article","og_title":"Request for a TSI (Tarjeta Sanitaria) | Bonjour Madrid","og_description":"The service includes: For the padr\u00f3n and the digital certificate: \u2013 The preparation of all the necessary documents; \u2013 Provision of a checklist to make sure you don&#8217;t forget anything on the day of your appointment; \u2013 Making an appointment according to your choice of certificate. The person requesting the [&hellip;]","og_url":"https:\/\/bonjour-madrid.com\/produit\/request-for-a-tsi-tarjeta-sanitaria?lang=en","og_site_name":"Bonjour Madrid","og_image":[{"width":1500,"height":1092,"url":"https:\/\/mlegir5bh65o.i.optimole.com\/cb:7xQJ.1858b\/w:auto\/h:auto\/q:mauto\/f:best\/https:\/\/bonjour-madrid.com\/wp-content\/uploads\/2021\/06\/TSI_censored.jpg","type":"image\/jpeg"}],"twitter_card":"summary_large_image","twitter_misc":{"Est. reading time":"1 minute"},"schema":{"@context":"https:\/\/schema.org","@graph":[{"@type":"WebPage","@id":"https:\/\/bonjour-madrid.com\/produit\/request-for-a-tsi-tarjeta-sanitaria?lang=en","url":"https:\/\/bonjour-madrid.com\/produit\/request-for-a-tsi-tarjeta-sanitaria?lang=en","name":"Request for a TSI (Tarjeta Sanitaria) | Bonjour Madrid","isPartOf":{"@id":"https:\/\/bonjour-madrid.com\/#website"},"primaryImageOfPage":{"@id":"https:\/\/bonjour-madrid.com\/produit\/request-for-a-tsi-tarjeta-sanitaria?lang=en#primaryimage"},"image":{"@id":"https:\/\/bonjour-madrid.com\/produit\/request-for-a-tsi-tarjeta-sanitaria?lang=en#primaryimage"},"thumbnailUrl":"https:\/\/mlegir5bh65o.i.optimole.com\/cb:7xQJ.1858b\/w:auto\/h:auto\/q:mauto\/f:best\/https:\/\/bonjour-madrid.com\/wp-content\/uploads\/2021\/06\/TSI_censored.jpg","datePublished":"2021-08-12T14:43:48+00:00","breadcrumb":{"@id":"https:\/\/bonjour-madrid.com\/produit\/request-for-a-tsi-tarjeta-sanitaria?lang=en#breadcrumb"},"inLanguage":"en-US","potentialAction":[{"@type":"ReadAction","target":["https:\/\/bonjour-madrid.com\/produit\/request-for-a-tsi-tarjeta-sanitaria?lang=en"]}]},{"@type":"ImageObject","inLanguage":"en-US","@id":"https:\/\/bonjour-madrid.com\/produit\/request-for-a-tsi-tarjeta-sanitaria?lang=en#primaryimage","url":"https:\/\/mlegir5bh65o.i.optimole.com\/cb:7xQJ.1858b\/w:auto\/h:auto\/q:mauto\/f:best\/https:\/\/bonjour-madrid.com\/wp-content\/uploads\/2021\/06\/TSI_censored.jpg","contentUrl":"https:\/\/mlegir5bh65o.i.optimole.com\/cb:7xQJ.1858b\/w:auto\/h:auto\/q:mauto\/f:best\/https:\/\/bonjour-madrid.com\/wp-content\/uploads\/2021\/06\/TSI_censored.jpg","width":1500,"height":1092,"caption":"bonjour_barcelona_produit_1500x1092_TSI"},{"@type":"BreadcrumbList","@id":"https:\/\/bonjour-madrid.com\/produit\/request-for-a-tsi-tarjeta-sanitaria?lang=en#breadcrumb","itemListElement":[{"@type":"ListItem","position":1,"name":"Accueil","item":"https:\/\/bonjour-madrid.com\/en\/"},{"@type":"ListItem","position":2,"name":"Boutique","item":"https:\/\/bonjour-madrid.com\/boutique\/"},{"@type":"ListItem","position":3,"name":"Request for a TSI (Tarjeta Sanitaria)"}]},{"@type":"WebSite","@id":"https:\/\/bonjour-madrid.com\/#website","url":"https:\/\/bonjour-madrid.com\/","name":"Bonjour Madrid","description":"Vous installer en Espagne n&#039;\u00e0 jamais \u00e9t\u00e9 aussi facile.","publisher":{"@id":"https:\/\/bonjour-madrid.com\/#organization"},"potentialAction":[{"@type":"SearchAction","target":{"@type":"EntryPoint","urlTemplate":"https:\/\/bonjour-madrid.com\/?s={search_term_string}"},"query-input":{"@type":"PropertyValueSpecification","valueRequired":true,"valueName":"search_term_string"}}],"inLanguage":"en-US"},{"@type":"Organization","@id":"https:\/\/bonjour-madrid.com\/#organization","name":"Bonjour Madrid","url":"https:\/\/bonjour-madrid.com\/","logo":{"@type":"ImageObject","inLanguage":"en-US","@id":"https:\/\/bonjour-madrid.com\/#\/schema\/logo\/image\/","url":"https:\/\/mlegir5bh65o.i.optimole.com\/cb:7xQJ.1858b\/w:auto\/h:auto\/q:mauto\/f:best\/https:\/\/bonjour-madrid.com\/wp-content\/uploads\/2025\/04\/bonjour-madrid-logo-noir.webp","contentUrl":"https:\/\/mlegir5bh65o.i.optimole.com\/cb:7xQJ.1858b\/w:auto\/h:auto\/q:mauto\/f:best\/https:\/\/bonjour-madrid.com\/wp-content\/uploads\/2025\/04\/bonjour-madrid-logo-noir.webp","width":1127,"height":349,"caption":"Bonjour Madrid"},"image":{"@id":"https:\/\/bonjour-madrid.com\/#\/schema\/logo\/image\/"}}]}},"_links":{"self":[{"href":"https:\/\/bonjour-madrid.com\/en\/wp-json\/wp\/v2\/product\/18378","targetHints":{"allow":["GET"]}}],"collection":[{"href":"https:\/\/bonjour-madrid.com\/en\/wp-json\/wp\/v2\/product"}],"about":[{"href":"https:\/\/bonjour-madrid.com\/en\/wp-json\/wp\/v2\/types\/product"}],"version-history":[{"count":0,"href":"https:\/\/bonjour-madrid.com\/en\/wp-json\/wp\/v2\/product\/18378\/revisions"}],"wp:featuredmedia":[{"embeddable":true,"href":"https:\/\/bonjour-madrid.com\/en\/wp-json\/wp\/v2\/media\/18326"}],"wp:attachment":[{"href":"https:\/\/bonjour-madrid.com\/en\/wp-json\/wp\/v2\/media?parent=18378"}],"wp:term":[{"taxonomy":"product_brand","embeddable":true,"href":"https:\/\/bonjour-madrid.com\/en\/wp-json\/wp\/v2\/product_brand?post=18378"},{"taxonomy":"product_cat","embeddable":true,"href":"https:\/\/bonjour-madrid.com\/en\/wp-json\/wp\/v2\/product_cat?post=18378"},{"taxonomy":"product_tag","embeddable":true,"href":"https:\/\/bonjour-madrid.com\/en\/wp-json\/wp\/v2\/product_tag?post=18378"}],"curies":[{"name":"wp","href":"https:\/\/api.w.org\/{rel}","templated":true}]}}