{"id":18132,"date":"2021-06-09T15:52:00","date_gmt":"2021-06-09T15:52:00","guid":{"rendered":"http:\/\/bonjour-madrid.com\/?post_type=product&#038;p=18132"},"modified":"2021-06-09T15:57:41","modified_gmt":"2021-06-09T15:57:41","slug":"non-lucrative-visa","status":"publish","type":"product","link":"https:\/\/bonjour-madrid.com\/en\/produit\/non-lucrative-visa\/","title":{"rendered":"Non Lucrative Visa"},"content":{"rendered":"<p><strong>The service includes<\/strong>:<\/p>\n<p><strong>In the country of origine<\/strong><\/p>\n<p>&#8211; A telephone consultation in order to understand your needs and answer your questions;<br \/>\n&#8211; The preparation of all the application and tax forms for the visa<br \/>\n-The help to help you gather the criminal record and other documents<br \/>\n&#8211; The appointment at the Consulate to apply for it<\/p>\n<p><strong>Once in Spain<\/strong><br \/>\n&#8211; The appointment for the padr\u00f3n;<br \/>\n&#8211; The appointment (cita previa) at the police station of your choice to do your TIE<br \/>\n&#8211; An informative document including the steps to pay the tax and a checklist to make sure you don&#8217;t forget anything before your appointment.<br \/>\n&#8211; The appointment (cita previa) at the police station of your choice.<br \/>\n&#8211; The appointment to pick up your TIE.<\/p>\n<p>Different taxes are foreseen:<br \/>\n&#8211; Processing fees (depends of the country)<br \/>\n&#8211; Residence permit fees: 10,83 euros<br \/>\n&#8211; TIE Fees : 15.92 euros<\/p>\n<p><strong>Timeframe for the obtention of the visa:<\/strong> Maximum 3 months<\/p>\n<p>The person requesting the visa and TIE must go alone to the appointment for at the consulate, for the padr\u00f3n and, at the police station.<\/p>\n","protected":false},"excerpt":{"rendered":"<p>The service includes: In the country of origine &#8211; A telephone consultation in order to understand your needs and answer your questions; &#8211; The preparation of all the application and tax forms for the visa -The help to help you gather the criminal record and other documents &#8211; The appointment [&hellip;]<\/p>\n","protected":false},"featured_media":18059,"template":"","meta":{"_monsterinsights_skip_tracking":false,"_monsterinsights_sitenote_active":false,"_monsterinsights_sitenote_note":"","_monsterinsights_sitenote_category":0},"product_brand":[],"product_cat":[173],"product_tag":[],"class_list":{"0":"post-18132","1":"product","2":"type-product","3":"status-publish","4":"has-post-thumbnail","6":"product_cat-visa","8":"first","9":"instock","10":"taxable","11":"shipping-taxable","12":"purchasable","13":"product-type-simple"},"yoast_head":"<!-- This site is optimized with the Yoast SEO plugin v27.5 - https:\/\/yoast.com\/product\/yoast-seo-wordpress\/ -->\n<title>Non Lucrative Visa | Bonjour Madrid<\/title>\n<meta name=\"robots\" content=\"noindex, follow\" \/>\n<meta property=\"og:locale\" content=\"en_US\" \/>\n<meta property=\"og:type\" content=\"article\" \/>\n<meta property=\"og:title\" content=\"Non Lucrative Visa | Bonjour Madrid\" \/>\n<meta property=\"og:description\" content=\"The service includes: In the country of origine &#8211; A telephone consultation in order to understand your needs and answer your questions; &#8211; The preparation of all the application and tax forms for the visa -The help to help you gather the criminal record and other documents &#8211; The appointment [&hellip;]\" \/>\n<meta property=\"og:url\" content=\"https:\/\/bonjour-madrid.com\/produit\/non-lucrative-visa?lang=en\" \/>\n<meta property=\"og:site_name\" content=\"Bonjour Madrid\" \/>\n<meta property=\"article:modified_time\" content=\"2021-06-09T15:57:41+00:00\" \/>\n<meta property=\"og:image\" content=\"https:\/\/mlegir5bh65o.i.optimole.com\/cb:7xQJ.1858b\/w:auto\/h:auto\/q:mauto\/f:best\/http:\/\/bonjour-madrid.com\/wp-content\/uploads\/2021\/05\/ralph-ravi-kayden-vgzge84ZyTc-unsplash-scaled.jpg\" \/>\n\t<meta property=\"og:image:width\" content=\"2560\" \/>\n\t<meta property=\"og:image:height\" content=\"1707\" \/>\n\t<meta property=\"og:image:type\" content=\"image\/jpeg\" \/>\n<meta name=\"twitter:card\" content=\"summary_large_image\" \/>\n<meta name=\"twitter:label1\" content=\"Est. reading time\" \/>\n\t<meta name=\"twitter:data1\" content=\"1 minute\" \/>\n<script type=\"application\/ld+json\" class=\"yoast-schema-graph\">{\"@context\":\"https:\\\/\\\/schema.org\",\"@graph\":[{\"@type\":\"WebPage\",\"@id\":\"https:\\\/\\\/bonjour-madrid.com\\\/produit\\\/non-lucrative-visa?lang=en\",\"url\":\"https:\\\/\\\/bonjour-madrid.com\\\/produit\\\/non-lucrative-visa?lang=en\",\"name\":\"Non Lucrative Visa | Bonjour Madrid\",\"isPartOf\":{\"@id\":\"https:\\\/\\\/bonjour-madrid.com\\\/#website\"},\"primaryImageOfPage\":{\"@id\":\"https:\\\/\\\/bonjour-madrid.com\\\/produit\\\/non-lucrative-visa?lang=en#primaryimage\"},\"image\":{\"@id\":\"https:\\\/\\\/bonjour-madrid.com\\\/produit\\\/non-lucrative-visa?lang=en#primaryimage\"},\"thumbnailUrl\":\"https:\\/\\/bonjour-madrid.com\\/wp-content\\/uploads\\/2021\\/05\\/ralph-ravi-kayden-vgzge84ZyTc-unsplash-scaled.jpg\",\"datePublished\":\"2021-06-09T15:52:00+00:00\",\"dateModified\":\"2021-06-09T15:57:41+00:00\",\"breadcrumb\":{\"@id\":\"https:\\\/\\\/bonjour-madrid.com\\\/produit\\\/non-lucrative-visa?lang=en#breadcrumb\"},\"inLanguage\":\"en-US\",\"potentialAction\":[{\"@type\":\"ReadAction\",\"target\":[\"https:\\\/\\\/bonjour-madrid.com\\\/produit\\\/non-lucrative-visa?lang=en\"]}]},{\"@type\":\"ImageObject\",\"inLanguage\":\"en-US\",\"@id\":\"https:\\\/\\\/bonjour-madrid.com\\\/produit\\\/non-lucrative-visa?lang=en#primaryimage\",\"url\":\"https:\\/\\/bonjour-madrid.com\\/wp-content\\/uploads\\/2021\\/05\\/ralph-ravi-kayden-vgzge84ZyTc-unsplash-scaled.jpg\",\"contentUrl\":\"https:\\/\\/bonjour-madrid.com\\/wp-content\\/uploads\\/2021\\/05\\/ralph-ravi-kayden-vgzge84ZyTc-unsplash-scaled.jpg\",\"width\":2560,\"height\":1707},{\"@type\":\"BreadcrumbList\",\"@id\":\"https:\\\/\\\/bonjour-madrid.com\\\/produit\\\/non-lucrative-visa?lang=en#breadcrumb\",\"itemListElement\":[{\"@type\":\"ListItem\",\"position\":1,\"name\":\"Accueil\",\"item\":\"https:\\\/\\\/bonjour-madrid.com\\\/en\\\/\"},{\"@type\":\"ListItem\",\"position\":2,\"name\":\"Boutique\",\"item\":\"https:\\\/\\\/bonjour-madrid.com\\\/boutique\\\/\"},{\"@type\":\"ListItem\",\"position\":3,\"name\":\"Non Lucrative Visa\"}]},{\"@type\":\"WebSite\",\"@id\":\"https:\\\/\\\/bonjour-madrid.com\\\/#website\",\"url\":\"https:\\\/\\\/bonjour-madrid.com\\\/\",\"name\":\"Bonjour Madrid\",\"description\":\"Vous installer en Espagne n&#039;\u00e0 jamais \u00e9t\u00e9 aussi facile.\",\"publisher\":{\"@id\":\"https:\\\/\\\/bonjour-madrid.com\\\/#organization\"},\"potentialAction\":[{\"@type\":\"SearchAction\",\"target\":{\"@type\":\"EntryPoint\",\"urlTemplate\":\"https:\\\/\\\/bonjour-madrid.com\\\/?s={search_term_string}\"},\"query-input\":{\"@type\":\"PropertyValueSpecification\",\"valueRequired\":true,\"valueName\":\"search_term_string\"}}],\"inLanguage\":\"en-US\"},{\"@type\":\"Organization\",\"@id\":\"https:\\\/\\\/bonjour-madrid.com\\\/#organization\",\"name\":\"Bonjour Madrid\",\"url\":\"https:\\\/\\\/bonjour-madrid.com\\\/\",\"logo\":{\"@type\":\"ImageObject\",\"inLanguage\":\"en-US\",\"@id\":\"https:\\\/\\\/bonjour-madrid.com\\\/#\\\/schema\\\/logo\\\/image\\\/\",\"url\":\"https:\\/\\/bonjour-madrid.com\\/wp-content\\/uploads\\/2025\\/04\\/bonjour-madrid-logo-noir.webp\",\"contentUrl\":\"https:\\/\\/bonjour-madrid.com\\/wp-content\\/uploads\\/2025\\/04\\/bonjour-madrid-logo-noir.webp\",\"width\":1127,\"height\":349,\"caption\":\"Bonjour Madrid\"},\"image\":{\"@id\":\"https:\\\/\\\/bonjour-madrid.com\\\/#\\\/schema\\\/logo\\\/image\\\/\"}}]}<\/script>\n<!-- \/ Yoast SEO plugin. -->","yoast_head_json":{"title":"Non Lucrative Visa | Bonjour Madrid","robots":{"index":"noindex","follow":"follow"},"og_locale":"en_US","og_type":"article","og_title":"Non Lucrative Visa | Bonjour Madrid","og_description":"The service includes: In the country of origine &#8211; A telephone consultation in order to understand your needs and answer your questions; &#8211; The preparation of all the application and tax forms for the visa -The help to help you gather the criminal record and other documents &#8211; The appointment [&hellip;]","og_url":"https:\/\/bonjour-madrid.com\/produit\/non-lucrative-visa?lang=en","og_site_name":"Bonjour Madrid","article_modified_time":"2021-06-09T15:57:41+00:00","og_image":[{"width":2560,"height":1707,"url":"https:\/\/mlegir5bh65o.i.optimole.com\/cb:7xQJ.1858b\/w:auto\/h:auto\/q:mauto\/f:best\/http:\/\/bonjour-madrid.com\/wp-content\/uploads\/2021\/05\/ralph-ravi-kayden-vgzge84ZyTc-unsplash-scaled.jpg","type":"image\/jpeg"}],"twitter_card":"summary_large_image","twitter_misc":{"Est. reading time":"1 minute"},"schema":{"@context":"https:\/\/schema.org","@graph":[{"@type":"WebPage","@id":"https:\/\/bonjour-madrid.com\/produit\/non-lucrative-visa?lang=en","url":"https:\/\/bonjour-madrid.com\/produit\/non-lucrative-visa?lang=en","name":"Non Lucrative Visa | Bonjour Madrid","isPartOf":{"@id":"https:\/\/bonjour-madrid.com\/#website"},"primaryImageOfPage":{"@id":"https:\/\/bonjour-madrid.com\/produit\/non-lucrative-visa?lang=en#primaryimage"},"image":{"@id":"https:\/\/bonjour-madrid.com\/produit\/non-lucrative-visa?lang=en#primaryimage"},"thumbnailUrl":"https:\/\/mlegir5bh65o.i.optimole.com\/cb:7xQJ.1858b\/w:auto\/h:auto\/q:mauto\/f:best\/https:\/\/bonjour-madrid.com\/wp-content\/uploads\/2021\/05\/ralph-ravi-kayden-vgzge84ZyTc-unsplash-scaled.jpg","datePublished":"2021-06-09T15:52:00+00:00","dateModified":"2021-06-09T15:57:41+00:00","breadcrumb":{"@id":"https:\/\/bonjour-madrid.com\/produit\/non-lucrative-visa?lang=en#breadcrumb"},"inLanguage":"en-US","potentialAction":[{"@type":"ReadAction","target":["https:\/\/bonjour-madrid.com\/produit\/non-lucrative-visa?lang=en"]}]},{"@type":"ImageObject","inLanguage":"en-US","@id":"https:\/\/bonjour-madrid.com\/produit\/non-lucrative-visa?lang=en#primaryimage","url":"https:\/\/mlegir5bh65o.i.optimole.com\/cb:7xQJ.1858b\/w:auto\/h:auto\/q:mauto\/f:best\/https:\/\/bonjour-madrid.com\/wp-content\/uploads\/2021\/05\/ralph-ravi-kayden-vgzge84ZyTc-unsplash-scaled.jpg","contentUrl":"https:\/\/mlegir5bh65o.i.optimole.com\/cb:7xQJ.1858b\/w:auto\/h:auto\/q:mauto\/f:best\/https:\/\/bonjour-madrid.com\/wp-content\/uploads\/2021\/05\/ralph-ravi-kayden-vgzge84ZyTc-unsplash-scaled.jpg","width":2560,"height":1707},{"@type":"BreadcrumbList","@id":"https:\/\/bonjour-madrid.com\/produit\/non-lucrative-visa?lang=en#breadcrumb","itemListElement":[{"@type":"ListItem","position":1,"name":"Accueil","item":"https:\/\/bonjour-madrid.com\/en\/"},{"@type":"ListItem","position":2,"name":"Boutique","item":"https:\/\/bonjour-madrid.com\/boutique\/"},{"@type":"ListItem","position":3,"name":"Non Lucrative Visa"}]},{"@type":"WebSite","@id":"https:\/\/bonjour-madrid.com\/#website","url":"https:\/\/bonjour-madrid.com\/","name":"Bonjour Madrid","description":"Vous installer en Espagne n&#039;\u00e0 jamais \u00e9t\u00e9 aussi facile.","publisher":{"@id":"https:\/\/bonjour-madrid.com\/#organization"},"potentialAction":[{"@type":"SearchAction","target":{"@type":"EntryPoint","urlTemplate":"https:\/\/bonjour-madrid.com\/?s={search_term_string}"},"query-input":{"@type":"PropertyValueSpecification","valueRequired":true,"valueName":"search_term_string"}}],"inLanguage":"en-US"},{"@type":"Organization","@id":"https:\/\/bonjour-madrid.com\/#organization","name":"Bonjour Madrid","url":"https:\/\/bonjour-madrid.com\/","logo":{"@type":"ImageObject","inLanguage":"en-US","@id":"https:\/\/bonjour-madrid.com\/#\/schema\/logo\/image\/","url":"https:\/\/mlegir5bh65o.i.optimole.com\/cb:7xQJ.1858b\/w:auto\/h:auto\/q:mauto\/f:best\/https:\/\/bonjour-madrid.com\/wp-content\/uploads\/2025\/04\/bonjour-madrid-logo-noir.webp","contentUrl":"https:\/\/mlegir5bh65o.i.optimole.com\/cb:7xQJ.1858b\/w:auto\/h:auto\/q:mauto\/f:best\/https:\/\/bonjour-madrid.com\/wp-content\/uploads\/2025\/04\/bonjour-madrid-logo-noir.webp","width":1127,"height":349,"caption":"Bonjour Madrid"},"image":{"@id":"https:\/\/bonjour-madrid.com\/#\/schema\/logo\/image\/"}}]}},"_links":{"self":[{"href":"https:\/\/bonjour-madrid.com\/en\/wp-json\/wp\/v2\/product\/18132","targetHints":{"allow":["GET"]}}],"collection":[{"href":"https:\/\/bonjour-madrid.com\/en\/wp-json\/wp\/v2\/product"}],"about":[{"href":"https:\/\/bonjour-madrid.com\/en\/wp-json\/wp\/v2\/types\/product"}],"version-history":[{"count":0,"href":"https:\/\/bonjour-madrid.com\/en\/wp-json\/wp\/v2\/product\/18132\/revisions"}],"wp:featuredmedia":[{"embeddable":true,"href":"https:\/\/bonjour-madrid.com\/en\/wp-json\/wp\/v2\/media\/18059"}],"wp:attachment":[{"href":"https:\/\/bonjour-madrid.com\/en\/wp-json\/wp\/v2\/media?parent=18132"}],"wp:term":[{"taxonomy":"product_brand","embeddable":true,"href":"https:\/\/bonjour-madrid.com\/en\/wp-json\/wp\/v2\/product_brand?post=18132"},{"taxonomy":"product_cat","embeddable":true,"href":"https:\/\/bonjour-madrid.com\/en\/wp-json\/wp\/v2\/product_cat?post=18132"},{"taxonomy":"product_tag","embeddable":true,"href":"https:\/\/bonjour-madrid.com\/en\/wp-json\/wp\/v2\/product_tag?post=18132"}],"curies":[{"name":"wp","href":"https:\/\/api.w.org\/{rel}","templated":true}]}}