{"id":17053,"date":"2021-04-26T09:38:51","date_gmt":"2021-04-26T09:38:51","guid":{"rendered":"http:\/\/bonjour-madrid.com\/?post_type=product&#038;p=17053"},"modified":"2021-12-21T10:09:38","modified_gmt":"2021-12-21T10:09:38","slug":"registration-of-a-foreign-vehicle","status":"publish","type":"product","link":"https:\/\/bonjour-madrid.com\/en\/produit\/registration-of-a-foreign-vehicle\/","title":{"rendered":"Registration of a foreign vehicle"},"content":{"rendered":"<p><strong>The service includes:<br \/>\n<\/strong>&#8211; The list of documents you will need to get an ITV appointment;<br \/>\n&#8211; The appointment at the DGT under your name;<br \/>\n&#8211; Calculation of the value of the vehicle;<br \/>\n&#8211; Calculation and presentation of the IVTM (<em>Tax on Vehicles with Mechanical Traction<\/em>), which is based on the CO2 emissions of the vehicle and varies depending on the municipality.<br \/>\n&#8211; Calculation and presentation of the transport tax (<em>Impuesto Especial sobre Determinados Medios de Transporte<\/em>, Special Tax on Certains Means of Transportation). It can range up to 15% of the net value of the vehicle.<br \/>\n&#8211; The appointment for the padr\u00f3n and the electronic certificate if necessary;<br \/>\n&#8211; The preparation of all the documents of the file;<\/p>\n<p><strong>Excluded:<\/strong><br \/>\n&#8211; The amounts to be paid to the DGT (\u20ac98,00), for the IVTM and for the transport tax, as well as the price of manufacture and installation of the new plates.<strong><\/strong><\/p>\n<p>No tax will be submitted without your approval.<\/p>\n<p><strong>Timeframe:<\/strong> between 2 and 6 weeks.<\/p>\n<p><strong>Important: The person will need to go alone to the DGT.<\/strong><\/p>\n<p>&nbsp;<\/p>\n","protected":false},"excerpt":{"rendered":"<p>This service is available to anyone residing in Spain, who wishes to change his or her license plates.<\/p>\n","protected":false},"featured_media":17057,"template":"","meta":{"_monsterinsights_skip_tracking":false,"_monsterinsights_sitenote_active":false,"_monsterinsights_sitenote_note":"","_monsterinsights_sitenote_category":0},"product_brand":[],"product_cat":[15],"product_tag":[],"class_list":{"0":"post-17053","1":"product","2":"type-product","3":"status-publish","4":"has-post-thumbnail","6":"product_cat-non-classe","8":"first","9":"instock","10":"taxable","11":"shipping-taxable","12":"purchasable","13":"product-type-simple"},"yoast_head":"<!-- This site is optimized with the Yoast SEO plugin v27.5 - https:\/\/yoast.com\/product\/yoast-seo-wordpress\/ -->\n<title>Registration of a foreign vehicle | Bonjour Madrid<\/title>\n<meta name=\"robots\" content=\"noindex, follow\" \/>\n<meta property=\"og:locale\" content=\"en_US\" \/>\n<meta property=\"og:type\" content=\"article\" \/>\n<meta property=\"og:title\" content=\"Registration of a foreign vehicle | Bonjour Madrid\" \/>\n<meta property=\"og:description\" content=\"This service is available to anyone residing in Spain, who wishes to change his or her license plates.\" \/>\n<meta property=\"og:url\" content=\"https:\/\/bonjour-madrid.com\/produit\/registration-of-a-foreign-vehicle?lang=en\" \/>\n<meta property=\"og:site_name\" content=\"Bonjour Madrid\" \/>\n<meta property=\"article:modified_time\" content=\"2021-12-21T10:09:38+00:00\" \/>\n<meta property=\"og:image\" content=\"https:\/\/mlegir5bh65o.i.optimole.com\/cb:7xQJ.1858b\/w:auto\/h:auto\/q:mauto\/f:best\/https:\/\/bonjour-madrid.com\/wp-content\/uploads\/2021\/03\/F4F0B7D0-4FF3-4604-9F47-0B8E494A7097_1_105_c.jpeg\" \/>\n\t<meta property=\"og:image:width\" content=\"1500\" \/>\n\t<meta property=\"og:image:height\" content=\"1092\" \/>\n\t<meta property=\"og:image:type\" content=\"image\/jpeg\" \/>\n<meta name=\"twitter:card\" content=\"summary_large_image\" \/>\n<meta name=\"twitter:label1\" content=\"Est. reading time\" \/>\n\t<meta name=\"twitter:data1\" content=\"1 minute\" \/>\n<script type=\"application\/ld+json\" class=\"yoast-schema-graph\">{\"@context\":\"https:\\\/\\\/schema.org\",\"@graph\":[{\"@type\":\"WebPage\",\"@id\":\"https:\\\/\\\/bonjour-madrid.com\\\/produit\\\/registration-of-a-foreign-vehicle?lang=en\",\"url\":\"https:\\\/\\\/bonjour-madrid.com\\\/produit\\\/registration-of-a-foreign-vehicle?lang=en\",\"name\":\"Registration of a foreign vehicle | Bonjour Madrid\",\"isPartOf\":{\"@id\":\"https:\\\/\\\/bonjour-madrid.com\\\/#website\"},\"primaryImageOfPage\":{\"@id\":\"https:\\\/\\\/bonjour-madrid.com\\\/produit\\\/registration-of-a-foreign-vehicle?lang=en#primaryimage\"},\"image\":{\"@id\":\"https:\\\/\\\/bonjour-madrid.com\\\/produit\\\/registration-of-a-foreign-vehicle?lang=en#primaryimage\"},\"thumbnailUrl\":\"https:\\/\\/bonjour-madrid.com\\/wp-content\\/uploads\\/2021\\/03\\/F4F0B7D0-4FF3-4604-9F47-0B8E494A7097_1_105_c.jpeg\",\"datePublished\":\"2021-04-26T09:38:51+00:00\",\"dateModified\":\"2021-12-21T10:09:38+00:00\",\"breadcrumb\":{\"@id\":\"https:\\\/\\\/bonjour-madrid.com\\\/produit\\\/registration-of-a-foreign-vehicle?lang=en#breadcrumb\"},\"inLanguage\":\"en-US\",\"potentialAction\":[{\"@type\":\"ReadAction\",\"target\":[\"https:\\\/\\\/bonjour-madrid.com\\\/produit\\\/registration-of-a-foreign-vehicle?lang=en\"]}]},{\"@type\":\"ImageObject\",\"inLanguage\":\"en-US\",\"@id\":\"https:\\\/\\\/bonjour-madrid.com\\\/produit\\\/registration-of-a-foreign-vehicle?lang=en#primaryimage\",\"url\":\"https:\\/\\/bonjour-madrid.com\\/wp-content\\/uploads\\/2021\\/03\\/F4F0B7D0-4FF3-4604-9F47-0B8E494A7097_1_105_c.jpeg\",\"contentUrl\":\"https:\\/\\/bonjour-madrid.com\\/wp-content\\/uploads\\/2021\\/03\\/F4F0B7D0-4FF3-4604-9F47-0B8E494A7097_1_105_c.jpeg\",\"width\":1500,\"height\":1092},{\"@type\":\"BreadcrumbList\",\"@id\":\"https:\\\/\\\/bonjour-madrid.com\\\/produit\\\/registration-of-a-foreign-vehicle?lang=en#breadcrumb\",\"itemListElement\":[{\"@type\":\"ListItem\",\"position\":1,\"name\":\"Accueil\",\"item\":\"https:\\\/\\\/bonjour-madrid.com\\\/en\\\/\"},{\"@type\":\"ListItem\",\"position\":2,\"name\":\"Boutique\",\"item\":\"https:\\\/\\\/bonjour-madrid.com\\\/boutique\\\/\"},{\"@type\":\"ListItem\",\"position\":3,\"name\":\"Registration of a foreign vehicle\"}]},{\"@type\":\"WebSite\",\"@id\":\"https:\\\/\\\/bonjour-madrid.com\\\/#website\",\"url\":\"https:\\\/\\\/bonjour-madrid.com\\\/\",\"name\":\"Bonjour Madrid\",\"description\":\"Vous installer en Espagne n&#039;\u00e0 jamais \u00e9t\u00e9 aussi facile.\",\"publisher\":{\"@id\":\"https:\\\/\\\/bonjour-madrid.com\\\/#organization\"},\"potentialAction\":[{\"@type\":\"SearchAction\",\"target\":{\"@type\":\"EntryPoint\",\"urlTemplate\":\"https:\\\/\\\/bonjour-madrid.com\\\/?s={search_term_string}\"},\"query-input\":{\"@type\":\"PropertyValueSpecification\",\"valueRequired\":true,\"valueName\":\"search_term_string\"}}],\"inLanguage\":\"en-US\"},{\"@type\":\"Organization\",\"@id\":\"https:\\\/\\\/bonjour-madrid.com\\\/#organization\",\"name\":\"Bonjour Madrid\",\"url\":\"https:\\\/\\\/bonjour-madrid.com\\\/\",\"logo\":{\"@type\":\"ImageObject\",\"inLanguage\":\"en-US\",\"@id\":\"https:\\\/\\\/bonjour-madrid.com\\\/#\\\/schema\\\/logo\\\/image\\\/\",\"url\":\"https:\\/\\/bonjour-madrid.com\\/wp-content\\/uploads\\/2025\\/04\\/bonjour-madrid-logo-noir.webp\",\"contentUrl\":\"https:\\/\\/bonjour-madrid.com\\/wp-content\\/uploads\\/2025\\/04\\/bonjour-madrid-logo-noir.webp\",\"width\":1127,\"height\":349,\"caption\":\"Bonjour Madrid\"},\"image\":{\"@id\":\"https:\\\/\\\/bonjour-madrid.com\\\/#\\\/schema\\\/logo\\\/image\\\/\"}}]}<\/script>\n<!-- \/ Yoast SEO plugin. -->","yoast_head_json":{"title":"Registration of a foreign vehicle | Bonjour Madrid","robots":{"index":"noindex","follow":"follow"},"og_locale":"en_US","og_type":"article","og_title":"Registration of a foreign vehicle | Bonjour Madrid","og_description":"This service is available to anyone residing in Spain, who wishes to change his or her license plates.","og_url":"https:\/\/bonjour-madrid.com\/produit\/registration-of-a-foreign-vehicle?lang=en","og_site_name":"Bonjour Madrid","article_modified_time":"2021-12-21T10:09:38+00:00","og_image":[{"width":1500,"height":1092,"url":"https:\/\/mlegir5bh65o.i.optimole.com\/cb:7xQJ.1858b\/w:auto\/h:auto\/q:mauto\/f:best\/https:\/\/bonjour-madrid.com\/wp-content\/uploads\/2021\/03\/F4F0B7D0-4FF3-4604-9F47-0B8E494A7097_1_105_c.jpeg","type":"image\/jpeg"}],"twitter_card":"summary_large_image","twitter_misc":{"Est. reading time":"1 minute"},"schema":{"@context":"https:\/\/schema.org","@graph":[{"@type":"WebPage","@id":"https:\/\/bonjour-madrid.com\/produit\/registration-of-a-foreign-vehicle?lang=en","url":"https:\/\/bonjour-madrid.com\/produit\/registration-of-a-foreign-vehicle?lang=en","name":"Registration of a foreign vehicle | Bonjour Madrid","isPartOf":{"@id":"https:\/\/bonjour-madrid.com\/#website"},"primaryImageOfPage":{"@id":"https:\/\/bonjour-madrid.com\/produit\/registration-of-a-foreign-vehicle?lang=en#primaryimage"},"image":{"@id":"https:\/\/bonjour-madrid.com\/produit\/registration-of-a-foreign-vehicle?lang=en#primaryimage"},"thumbnailUrl":"https:\/\/mlegir5bh65o.i.optimole.com\/cb:7xQJ.1858b\/w:auto\/h:auto\/q:mauto\/f:best\/https:\/\/bonjour-madrid.com\/wp-content\/uploads\/2021\/03\/F4F0B7D0-4FF3-4604-9F47-0B8E494A7097_1_105_c.jpeg","datePublished":"2021-04-26T09:38:51+00:00","dateModified":"2021-12-21T10:09:38+00:00","breadcrumb":{"@id":"https:\/\/bonjour-madrid.com\/produit\/registration-of-a-foreign-vehicle?lang=en#breadcrumb"},"inLanguage":"en-US","potentialAction":[{"@type":"ReadAction","target":["https:\/\/bonjour-madrid.com\/produit\/registration-of-a-foreign-vehicle?lang=en"]}]},{"@type":"ImageObject","inLanguage":"en-US","@id":"https:\/\/bonjour-madrid.com\/produit\/registration-of-a-foreign-vehicle?lang=en#primaryimage","url":"https:\/\/mlegir5bh65o.i.optimole.com\/cb:7xQJ.1858b\/w:auto\/h:auto\/q:mauto\/f:best\/https:\/\/bonjour-madrid.com\/wp-content\/uploads\/2021\/03\/F4F0B7D0-4FF3-4604-9F47-0B8E494A7097_1_105_c.jpeg","contentUrl":"https:\/\/mlegir5bh65o.i.optimole.com\/cb:7xQJ.1858b\/w:auto\/h:auto\/q:mauto\/f:best\/https:\/\/bonjour-madrid.com\/wp-content\/uploads\/2021\/03\/F4F0B7D0-4FF3-4604-9F47-0B8E494A7097_1_105_c.jpeg","width":1500,"height":1092},{"@type":"BreadcrumbList","@id":"https:\/\/bonjour-madrid.com\/produit\/registration-of-a-foreign-vehicle?lang=en#breadcrumb","itemListElement":[{"@type":"ListItem","position":1,"name":"Accueil","item":"https:\/\/bonjour-madrid.com\/en\/"},{"@type":"ListItem","position":2,"name":"Boutique","item":"https:\/\/bonjour-madrid.com\/boutique\/"},{"@type":"ListItem","position":3,"name":"Registration of a foreign vehicle"}]},{"@type":"WebSite","@id":"https:\/\/bonjour-madrid.com\/#website","url":"https:\/\/bonjour-madrid.com\/","name":"Bonjour Madrid","description":"Vous installer en Espagne n&#039;\u00e0 jamais \u00e9t\u00e9 aussi facile.","publisher":{"@id":"https:\/\/bonjour-madrid.com\/#organization"},"potentialAction":[{"@type":"SearchAction","target":{"@type":"EntryPoint","urlTemplate":"https:\/\/bonjour-madrid.com\/?s={search_term_string}"},"query-input":{"@type":"PropertyValueSpecification","valueRequired":true,"valueName":"search_term_string"}}],"inLanguage":"en-US"},{"@type":"Organization","@id":"https:\/\/bonjour-madrid.com\/#organization","name":"Bonjour Madrid","url":"https:\/\/bonjour-madrid.com\/","logo":{"@type":"ImageObject","inLanguage":"en-US","@id":"https:\/\/bonjour-madrid.com\/#\/schema\/logo\/image\/","url":"https:\/\/mlegir5bh65o.i.optimole.com\/cb:7xQJ.1858b\/w:auto\/h:auto\/q:mauto\/f:best\/https:\/\/bonjour-madrid.com\/wp-content\/uploads\/2025\/04\/bonjour-madrid-logo-noir.webp","contentUrl":"https:\/\/mlegir5bh65o.i.optimole.com\/cb:7xQJ.1858b\/w:auto\/h:auto\/q:mauto\/f:best\/https:\/\/bonjour-madrid.com\/wp-content\/uploads\/2025\/04\/bonjour-madrid-logo-noir.webp","width":1127,"height":349,"caption":"Bonjour Madrid"},"image":{"@id":"https:\/\/bonjour-madrid.com\/#\/schema\/logo\/image\/"}}]}},"_links":{"self":[{"href":"https:\/\/bonjour-madrid.com\/en\/wp-json\/wp\/v2\/product\/17053","targetHints":{"allow":["GET"]}}],"collection":[{"href":"https:\/\/bonjour-madrid.com\/en\/wp-json\/wp\/v2\/product"}],"about":[{"href":"https:\/\/bonjour-madrid.com\/en\/wp-json\/wp\/v2\/types\/product"}],"version-history":[{"count":0,"href":"https:\/\/bonjour-madrid.com\/en\/wp-json\/wp\/v2\/product\/17053\/revisions"}],"wp:featuredmedia":[{"embeddable":true,"href":"https:\/\/bonjour-madrid.com\/en\/wp-json\/wp\/v2\/media\/17057"}],"wp:attachment":[{"href":"https:\/\/bonjour-madrid.com\/en\/wp-json\/wp\/v2\/media?parent=17053"}],"wp:term":[{"taxonomy":"product_brand","embeddable":true,"href":"https:\/\/bonjour-madrid.com\/en\/wp-json\/wp\/v2\/product_brand?post=17053"},{"taxonomy":"product_cat","embeddable":true,"href":"https:\/\/bonjour-madrid.com\/en\/wp-json\/wp\/v2\/product_cat?post=17053"},{"taxonomy":"product_tag","embeddable":true,"href":"https:\/\/bonjour-madrid.com\/en\/wp-json\/wp\/v2\/product_tag?post=17053"}],"curies":[{"name":"wp","href":"https:\/\/api.w.org\/{rel}","templated":true}]}}