{"id":17039,"date":"2021-04-26T09:30:06","date_gmt":"2021-04-26T09:30:06","guid":{"rendered":"http:\/\/bonjour-madrid.com\/?post_type=product&#038;p=17039"},"modified":"2021-04-26T09:30:52","modified_gmt":"2021-04-26T09:30:52","slug":"addition-of-a-beneficiary-to-the-social-security","status":"publish","type":"product","link":"https:\/\/bonjour-madrid.com\/en\/produit\/addition-of-a-beneficiary-to-the-social-security\/","title":{"rendered":"Addition of a beneficiary to the Social Security"},"content":{"rendered":"<p>The service consists of carrying out the steps related to the obtention of the Catalan health coverage, only for the dependants when the main holder is already resgistered.<\/p>\n<p><strong>The service includes:<\/strong><br \/>&#8211; The preparation of all the documents of the file necessary to add beneficiaries;<br \/>&#8211; The request for the European Health Insurance Card;<br \/>&#8211; The registration of beneficiaries at a Health Center (CAP).<\/p>\n<p><strong>Timeframe:<\/strong> between 15 days and 1 month.<\/p>\n","protected":false},"excerpt":{"rendered":"<p>This service is available to all Social Security beneficiaries in Catalonia with a main holder already registered.<\/p>\n","protected":false},"featured_media":17041,"template":"","meta":{"_monsterinsights_skip_tracking":false,"_monsterinsights_sitenote_active":false,"_monsterinsights_sitenote_note":"","_monsterinsights_sitenote_category":0},"product_brand":[],"product_cat":[15],"product_tag":[],"class_list":{"0":"post-17039","1":"product","2":"type-product","3":"status-publish","4":"has-post-thumbnail","6":"product_cat-non-classe","8":"first","9":"instock","10":"taxable","11":"shipping-taxable","12":"purchasable","13":"product-type-simple"},"yoast_head":"<!-- This site is optimized with the Yoast SEO plugin v27.5 - https:\/\/yoast.com\/product\/yoast-seo-wordpress\/ -->\n<title>Addition of a beneficiary to the Social Security | Bonjour Madrid<\/title>\n<meta name=\"robots\" content=\"noindex, follow\" \/>\n<meta property=\"og:locale\" content=\"en_US\" \/>\n<meta property=\"og:type\" content=\"article\" \/>\n<meta property=\"og:title\" content=\"Addition of a beneficiary to the Social Security | Bonjour Madrid\" \/>\n<meta property=\"og:description\" content=\"This service is available to all Social Security beneficiaries in Catalonia with a main holder already registered.\" \/>\n<meta property=\"og:url\" content=\"https:\/\/bonjour-madrid.com\/produit\/addition-of-a-beneficiary-to-the-social-security?lang=en\" \/>\n<meta property=\"og:site_name\" content=\"Bonjour Madrid\" \/>\n<meta property=\"article:modified_time\" content=\"2021-04-26T09:30:52+00:00\" \/>\n<meta property=\"og:image\" content=\"https:\/\/mlegir5bh65o.i.optimole.com\/cb:7xQJ.1858b\/w:auto\/h:auto\/q:mauto\/f:best\/https:\/\/bonjour-madrid.com\/wp-content\/uploads\/2020\/06\/Creation-Société-scaled.jpg\" \/>\n\t<meta property=\"og:image:width\" content=\"2560\" \/>\n\t<meta property=\"og:image:height\" content=\"1920\" \/>\n\t<meta property=\"og:image:type\" content=\"image\/jpeg\" \/>\n<meta name=\"twitter:card\" content=\"summary_large_image\" \/>\n<meta name=\"twitter:label1\" content=\"Est. reading time\" \/>\n\t<meta name=\"twitter:data1\" content=\"1 minute\" \/>\n<script type=\"application\/ld+json\" class=\"yoast-schema-graph\">{\"@context\":\"https:\\\/\\\/schema.org\",\"@graph\":[{\"@type\":\"WebPage\",\"@id\":\"https:\\\/\\\/bonjour-madrid.com\\\/produit\\\/addition-of-a-beneficiary-to-the-social-security?lang=en\",\"url\":\"https:\\\/\\\/bonjour-madrid.com\\\/produit\\\/addition-of-a-beneficiary-to-the-social-security?lang=en\",\"name\":\"Addition of a beneficiary to the Social Security | Bonjour Madrid\",\"isPartOf\":{\"@id\":\"https:\\\/\\\/bonjour-madrid.com\\\/#website\"},\"primaryImageOfPage\":{\"@id\":\"https:\\\/\\\/bonjour-madrid.com\\\/produit\\\/addition-of-a-beneficiary-to-the-social-security?lang=en#primaryimage\"},\"image\":{\"@id\":\"https:\\\/\\\/bonjour-madrid.com\\\/produit\\\/addition-of-a-beneficiary-to-the-social-security?lang=en#primaryimage\"},\"thumbnailUrl\":\"https:\\/\\/bonjour-madrid.com\\/wp-content\\/uploads\\/2020\\/06\\/Creation-Socie\u0301te\u0301-scaled.jpg\",\"datePublished\":\"2021-04-26T09:30:06+00:00\",\"dateModified\":\"2021-04-26T09:30:52+00:00\",\"breadcrumb\":{\"@id\":\"https:\\\/\\\/bonjour-madrid.com\\\/produit\\\/addition-of-a-beneficiary-to-the-social-security?lang=en#breadcrumb\"},\"inLanguage\":\"en-US\",\"potentialAction\":[{\"@type\":\"ReadAction\",\"target\":[\"https:\\\/\\\/bonjour-madrid.com\\\/produit\\\/addition-of-a-beneficiary-to-the-social-security?lang=en\"]}]},{\"@type\":\"ImageObject\",\"inLanguage\":\"en-US\",\"@id\":\"https:\\\/\\\/bonjour-madrid.com\\\/produit\\\/addition-of-a-beneficiary-to-the-social-security?lang=en#primaryimage\",\"url\":\"https:\\/\\/bonjour-madrid.com\\/wp-content\\/uploads\\/2020\\/06\\/Creation-Socie\u0301te\u0301-scaled.jpg\",\"contentUrl\":\"https:\\/\\/bonjour-madrid.com\\/wp-content\\/uploads\\/2020\\/06\\/Creation-Socie\u0301te\u0301-scaled.jpg\",\"width\":2560,\"height\":1920},{\"@type\":\"BreadcrumbList\",\"@id\":\"https:\\\/\\\/bonjour-madrid.com\\\/produit\\\/addition-of-a-beneficiary-to-the-social-security?lang=en#breadcrumb\",\"itemListElement\":[{\"@type\":\"ListItem\",\"position\":1,\"name\":\"Accueil\",\"item\":\"https:\\\/\\\/bonjour-madrid.com\\\/en\\\/\"},{\"@type\":\"ListItem\",\"position\":2,\"name\":\"Boutique\",\"item\":\"https:\\\/\\\/bonjour-madrid.com\\\/boutique\\\/\"},{\"@type\":\"ListItem\",\"position\":3,\"name\":\"Addition of a beneficiary to the Social Security\"}]},{\"@type\":\"WebSite\",\"@id\":\"https:\\\/\\\/bonjour-madrid.com\\\/#website\",\"url\":\"https:\\\/\\\/bonjour-madrid.com\\\/\",\"name\":\"Bonjour Madrid\",\"description\":\"Vous installer en Espagne n&#039;\u00e0 jamais \u00e9t\u00e9 aussi facile.\",\"publisher\":{\"@id\":\"https:\\\/\\\/bonjour-madrid.com\\\/#organization\"},\"potentialAction\":[{\"@type\":\"SearchAction\",\"target\":{\"@type\":\"EntryPoint\",\"urlTemplate\":\"https:\\\/\\\/bonjour-madrid.com\\\/?s={search_term_string}\"},\"query-input\":{\"@type\":\"PropertyValueSpecification\",\"valueRequired\":true,\"valueName\":\"search_term_string\"}}],\"inLanguage\":\"en-US\"},{\"@type\":\"Organization\",\"@id\":\"https:\\\/\\\/bonjour-madrid.com\\\/#organization\",\"name\":\"Bonjour Madrid\",\"url\":\"https:\\\/\\\/bonjour-madrid.com\\\/\",\"logo\":{\"@type\":\"ImageObject\",\"inLanguage\":\"en-US\",\"@id\":\"https:\\\/\\\/bonjour-madrid.com\\\/#\\\/schema\\\/logo\\\/image\\\/\",\"url\":\"https:\\/\\/bonjour-madrid.com\\/wp-content\\/uploads\\/2025\\/04\\/bonjour-madrid-logo-noir.webp\",\"contentUrl\":\"https:\\/\\/bonjour-madrid.com\\/wp-content\\/uploads\\/2025\\/04\\/bonjour-madrid-logo-noir.webp\",\"width\":1127,\"height\":349,\"caption\":\"Bonjour Madrid\"},\"image\":{\"@id\":\"https:\\\/\\\/bonjour-madrid.com\\\/#\\\/schema\\\/logo\\\/image\\\/\"}}]}<\/script>\n<!-- \/ Yoast SEO plugin. -->","yoast_head_json":{"title":"Addition of a beneficiary to the Social Security | Bonjour Madrid","robots":{"index":"noindex","follow":"follow"},"og_locale":"en_US","og_type":"article","og_title":"Addition of a beneficiary to the Social Security | Bonjour Madrid","og_description":"This service is available to all Social Security beneficiaries in Catalonia with a main holder already registered.","og_url":"https:\/\/bonjour-madrid.com\/produit\/addition-of-a-beneficiary-to-the-social-security?lang=en","og_site_name":"Bonjour Madrid","article_modified_time":"2021-04-26T09:30:52+00:00","og_image":[{"width":2560,"height":1920,"url":"https:\/\/mlegir5bh65o.i.optimole.com\/cb:7xQJ.1858b\/w:auto\/h:auto\/q:mauto\/f:best\/https:\/\/bonjour-madrid.com\/wp-content\/uploads\/2020\/06\/Creation-Société-scaled.jpg","type":"image\/jpeg"}],"twitter_card":"summary_large_image","twitter_misc":{"Est. reading time":"1 minute"},"schema":{"@context":"https:\/\/schema.org","@graph":[{"@type":"WebPage","@id":"https:\/\/bonjour-madrid.com\/produit\/addition-of-a-beneficiary-to-the-social-security?lang=en","url":"https:\/\/bonjour-madrid.com\/produit\/addition-of-a-beneficiary-to-the-social-security?lang=en","name":"Addition of a beneficiary to the Social Security | Bonjour Madrid","isPartOf":{"@id":"https:\/\/bonjour-madrid.com\/#website"},"primaryImageOfPage":{"@id":"https:\/\/bonjour-madrid.com\/produit\/addition-of-a-beneficiary-to-the-social-security?lang=en#primaryimage"},"image":{"@id":"https:\/\/bonjour-madrid.com\/produit\/addition-of-a-beneficiary-to-the-social-security?lang=en#primaryimage"},"thumbnailUrl":"https:\/\/mlegir5bh65o.i.optimole.com\/cb:7xQJ.1858b\/w:auto\/h:auto\/q:mauto\/f:best\/https:\/\/bonjour-madrid.com\/wp-content\/uploads\/2020\/06\/Creation-Société-scaled.jpg","datePublished":"2021-04-26T09:30:06+00:00","dateModified":"2021-04-26T09:30:52+00:00","breadcrumb":{"@id":"https:\/\/bonjour-madrid.com\/produit\/addition-of-a-beneficiary-to-the-social-security?lang=en#breadcrumb"},"inLanguage":"en-US","potentialAction":[{"@type":"ReadAction","target":["https:\/\/bonjour-madrid.com\/produit\/addition-of-a-beneficiary-to-the-social-security?lang=en"]}]},{"@type":"ImageObject","inLanguage":"en-US","@id":"https:\/\/bonjour-madrid.com\/produit\/addition-of-a-beneficiary-to-the-social-security?lang=en#primaryimage","url":"https:\/\/mlegir5bh65o.i.optimole.com\/cb:7xQJ.1858b\/w:auto\/h:auto\/q:mauto\/f:best\/https:\/\/bonjour-madrid.com\/wp-content\/uploads\/2020\/06\/Creation-Société-scaled.jpg","contentUrl":"https:\/\/mlegir5bh65o.i.optimole.com\/cb:7xQJ.1858b\/w:auto\/h:auto\/q:mauto\/f:best\/https:\/\/bonjour-madrid.com\/wp-content\/uploads\/2020\/06\/Creation-Société-scaled.jpg","width":2560,"height":1920},{"@type":"BreadcrumbList","@id":"https:\/\/bonjour-madrid.com\/produit\/addition-of-a-beneficiary-to-the-social-security?lang=en#breadcrumb","itemListElement":[{"@type":"ListItem","position":1,"name":"Accueil","item":"https:\/\/bonjour-madrid.com\/en\/"},{"@type":"ListItem","position":2,"name":"Boutique","item":"https:\/\/bonjour-madrid.com\/boutique\/"},{"@type":"ListItem","position":3,"name":"Addition of a beneficiary to the Social Security"}]},{"@type":"WebSite","@id":"https:\/\/bonjour-madrid.com\/#website","url":"https:\/\/bonjour-madrid.com\/","name":"Bonjour Madrid","description":"Vous installer en Espagne n&#039;\u00e0 jamais \u00e9t\u00e9 aussi facile.","publisher":{"@id":"https:\/\/bonjour-madrid.com\/#organization"},"potentialAction":[{"@type":"SearchAction","target":{"@type":"EntryPoint","urlTemplate":"https:\/\/bonjour-madrid.com\/?s={search_term_string}"},"query-input":{"@type":"PropertyValueSpecification","valueRequired":true,"valueName":"search_term_string"}}],"inLanguage":"en-US"},{"@type":"Organization","@id":"https:\/\/bonjour-madrid.com\/#organization","name":"Bonjour Madrid","url":"https:\/\/bonjour-madrid.com\/","logo":{"@type":"ImageObject","inLanguage":"en-US","@id":"https:\/\/bonjour-madrid.com\/#\/schema\/logo\/image\/","url":"https:\/\/mlegir5bh65o.i.optimole.com\/cb:7xQJ.1858b\/w:auto\/h:auto\/q:mauto\/f:best\/https:\/\/bonjour-madrid.com\/wp-content\/uploads\/2025\/04\/bonjour-madrid-logo-noir.webp","contentUrl":"https:\/\/mlegir5bh65o.i.optimole.com\/cb:7xQJ.1858b\/w:auto\/h:auto\/q:mauto\/f:best\/https:\/\/bonjour-madrid.com\/wp-content\/uploads\/2025\/04\/bonjour-madrid-logo-noir.webp","width":1127,"height":349,"caption":"Bonjour Madrid"},"image":{"@id":"https:\/\/bonjour-madrid.com\/#\/schema\/logo\/image\/"}}]}},"_links":{"self":[{"href":"https:\/\/bonjour-madrid.com\/en\/wp-json\/wp\/v2\/product\/17039","targetHints":{"allow":["GET"]}}],"collection":[{"href":"https:\/\/bonjour-madrid.com\/en\/wp-json\/wp\/v2\/product"}],"about":[{"href":"https:\/\/bonjour-madrid.com\/en\/wp-json\/wp\/v2\/types\/product"}],"version-history":[{"count":0,"href":"https:\/\/bonjour-madrid.com\/en\/wp-json\/wp\/v2\/product\/17039\/revisions"}],"wp:featuredmedia":[{"embeddable":true,"href":"https:\/\/bonjour-madrid.com\/en\/wp-json\/wp\/v2\/media\/17041"}],"wp:attachment":[{"href":"https:\/\/bonjour-madrid.com\/en\/wp-json\/wp\/v2\/media?parent=17039"}],"wp:term":[{"taxonomy":"product_brand","embeddable":true,"href":"https:\/\/bonjour-madrid.com\/en\/wp-json\/wp\/v2\/product_brand?post=17039"},{"taxonomy":"product_cat","embeddable":true,"href":"https:\/\/bonjour-madrid.com\/en\/wp-json\/wp\/v2\/product_cat?post=17039"},{"taxonomy":"product_tag","embeddable":true,"href":"https:\/\/bonjour-madrid.com\/en\/wp-json\/wp\/v2\/product_tag?post=17039"}],"curies":[{"name":"wp","href":"https:\/\/api.w.org\/{rel}","templated":true}]}}