{"id":16930,"date":"2021-04-26T07:53:19","date_gmt":"2021-04-26T07:53:19","guid":{"rendered":"http:\/\/bonjour-madrid.com\/?post_type=product&#038;p=16930"},"modified":"2021-04-26T08:29:10","modified_gmt":"2021-04-26T08:29:10","slug":"collecte-de-tie","status":"publish","type":"product","link":"https:\/\/bonjour-madrid.com\/en\/produit\/collecte-de-tie\/","title":{"rendered":"Collection of TIE"},"content":{"rendered":"<p><strong>The service includes :<br \/>\n<\/strong>\u2013 A telephone consultation in order to understand your needs and answer your questions;<br \/>\n\u2013\u00a0The appointment (cita previa) at the police station of your choice, according to your availability.<\/p>\n<p><strong>Timeframe for the obtention:<\/strong> between 10 days and 3 weeks.<\/p>\n<p>The person picking up the TIE will have to go alone to the appointment at the police station.<\/p>\n","protected":false},"excerpt":{"rendered":"<p>This service is available to anyone who wishes to collect their TIE.<\/p>\n","protected":false},"featured_media":16934,"template":"","meta":{"_monsterinsights_skip_tracking":false,"_monsterinsights_sitenote_active":false,"_monsterinsights_sitenote_note":"","_monsterinsights_sitenote_category":0},"product_brand":[],"product_cat":[15],"product_tag":[],"class_list":{"0":"post-16930","1":"product","2":"type-product","3":"status-publish","4":"has-post-thumbnail","6":"product_cat-non-classe","8":"first","9":"instock","10":"taxable","11":"shipping-taxable","12":"purchasable","13":"product-type-simple"},"yoast_head":"<!-- This site is optimized with the Yoast SEO plugin v27.5 - https:\/\/yoast.com\/product\/yoast-seo-wordpress\/ -->\n<title>Collection of TIE | Bonjour Madrid<\/title>\n<meta name=\"robots\" content=\"noindex, follow\" \/>\n<meta property=\"og:locale\" content=\"en_US\" \/>\n<meta property=\"og:type\" content=\"article\" \/>\n<meta property=\"og:title\" content=\"Collection of TIE | Bonjour Madrid\" \/>\n<meta property=\"og:description\" content=\"This service is available to anyone who wishes to collect their TIE.\" \/>\n<meta property=\"og:url\" content=\"https:\/\/bonjour-madrid.com\/produit\/collecte-de-tie?lang=en\" \/>\n<meta property=\"og:site_name\" content=\"Bonjour Madrid\" \/>\n<meta property=\"article:modified_time\" content=\"2021-04-26T08:29:10+00:00\" \/>\n<meta property=\"og:image\" content=\"https:\/\/mlegir5bh65o.i.optimole.com\/cb:7xQJ.1858b\/w:auto\/h:auto\/q:mauto\/f:best\/https:\/\/bonjour-madrid.com\/wp-content\/uploads\/2021\/03\/TIE-colom.jpg\" \/>\n\t<meta property=\"og:image:width\" content=\"1500\" \/>\n\t<meta property=\"og:image:height\" content=\"1090\" \/>\n\t<meta property=\"og:image:type\" content=\"image\/jpeg\" \/>\n<meta name=\"twitter:card\" content=\"summary_large_image\" \/>\n<meta name=\"twitter:label1\" content=\"Est. reading time\" \/>\n\t<meta name=\"twitter:data1\" content=\"1 minute\" \/>\n<script type=\"application\/ld+json\" class=\"yoast-schema-graph\">{\"@context\":\"https:\\\/\\\/schema.org\",\"@graph\":[{\"@type\":\"WebPage\",\"@id\":\"https:\\\/\\\/bonjour-madrid.com\\\/produit\\\/collecte-de-tie?lang=en\",\"url\":\"https:\\\/\\\/bonjour-madrid.com\\\/produit\\\/collecte-de-tie?lang=en\",\"name\":\"Collection of TIE | Bonjour Madrid\",\"isPartOf\":{\"@id\":\"https:\\\/\\\/bonjour-madrid.com\\\/#website\"},\"primaryImageOfPage\":{\"@id\":\"https:\\\/\\\/bonjour-madrid.com\\\/produit\\\/collecte-de-tie?lang=en#primaryimage\"},\"image\":{\"@id\":\"https:\\\/\\\/bonjour-madrid.com\\\/produit\\\/collecte-de-tie?lang=en#primaryimage\"},\"thumbnailUrl\":\"https:\\/\\/bonjour-madrid.com\\/wp-content\\/uploads\\/2021\\/03\\/TIE-colom.jpg\",\"datePublished\":\"2021-04-26T07:53:19+00:00\",\"dateModified\":\"2021-04-26T08:29:10+00:00\",\"breadcrumb\":{\"@id\":\"https:\\\/\\\/bonjour-madrid.com\\\/produit\\\/collecte-de-tie?lang=en#breadcrumb\"},\"inLanguage\":\"en-US\",\"potentialAction\":[{\"@type\":\"ReadAction\",\"target\":[\"https:\\\/\\\/bonjour-madrid.com\\\/produit\\\/collecte-de-tie?lang=en\"]}]},{\"@type\":\"ImageObject\",\"inLanguage\":\"en-US\",\"@id\":\"https:\\\/\\\/bonjour-madrid.com\\\/produit\\\/collecte-de-tie?lang=en#primaryimage\",\"url\":\"https:\\/\\/bonjour-madrid.com\\/wp-content\\/uploads\\/2021\\/03\\/TIE-colom.jpg\",\"contentUrl\":\"https:\\/\\/bonjour-madrid.com\\/wp-content\\/uploads\\/2021\\/03\\/TIE-colom.jpg\",\"width\":1500,\"height\":1090},{\"@type\":\"BreadcrumbList\",\"@id\":\"https:\\\/\\\/bonjour-madrid.com\\\/produit\\\/collecte-de-tie?lang=en#breadcrumb\",\"itemListElement\":[{\"@type\":\"ListItem\",\"position\":1,\"name\":\"Accueil\",\"item\":\"https:\\\/\\\/bonjour-madrid.com\\\/en\\\/\"},{\"@type\":\"ListItem\",\"position\":2,\"name\":\"Boutique\",\"item\":\"https:\\\/\\\/bonjour-madrid.com\\\/boutique\\\/\"},{\"@type\":\"ListItem\",\"position\":3,\"name\":\"Collection of TIE\"}]},{\"@type\":\"WebSite\",\"@id\":\"https:\\\/\\\/bonjour-madrid.com\\\/#website\",\"url\":\"https:\\\/\\\/bonjour-madrid.com\\\/\",\"name\":\"Bonjour Madrid\",\"description\":\"Vous installer en Espagne n&#039;\u00e0 jamais \u00e9t\u00e9 aussi facile.\",\"publisher\":{\"@id\":\"https:\\\/\\\/bonjour-madrid.com\\\/#organization\"},\"potentialAction\":[{\"@type\":\"SearchAction\",\"target\":{\"@type\":\"EntryPoint\",\"urlTemplate\":\"https:\\\/\\\/bonjour-madrid.com\\\/?s={search_term_string}\"},\"query-input\":{\"@type\":\"PropertyValueSpecification\",\"valueRequired\":true,\"valueName\":\"search_term_string\"}}],\"inLanguage\":\"en-US\"},{\"@type\":\"Organization\",\"@id\":\"https:\\\/\\\/bonjour-madrid.com\\\/#organization\",\"name\":\"Bonjour Madrid\",\"url\":\"https:\\\/\\\/bonjour-madrid.com\\\/\",\"logo\":{\"@type\":\"ImageObject\",\"inLanguage\":\"en-US\",\"@id\":\"https:\\\/\\\/bonjour-madrid.com\\\/#\\\/schema\\\/logo\\\/image\\\/\",\"url\":\"https:\\/\\/bonjour-madrid.com\\/wp-content\\/uploads\\/2025\\/04\\/bonjour-madrid-logo-noir.webp\",\"contentUrl\":\"https:\\/\\/bonjour-madrid.com\\/wp-content\\/uploads\\/2025\\/04\\/bonjour-madrid-logo-noir.webp\",\"width\":1127,\"height\":349,\"caption\":\"Bonjour Madrid\"},\"image\":{\"@id\":\"https:\\\/\\\/bonjour-madrid.com\\\/#\\\/schema\\\/logo\\\/image\\\/\"}}]}<\/script>\n<!-- \/ Yoast SEO plugin. -->","yoast_head_json":{"title":"Collection of TIE | Bonjour Madrid","robots":{"index":"noindex","follow":"follow"},"og_locale":"en_US","og_type":"article","og_title":"Collection of TIE | Bonjour Madrid","og_description":"This service is available to anyone who wishes to collect their TIE.","og_url":"https:\/\/bonjour-madrid.com\/produit\/collecte-de-tie?lang=en","og_site_name":"Bonjour Madrid","article_modified_time":"2021-04-26T08:29:10+00:00","og_image":[{"width":1500,"height":1090,"url":"https:\/\/mlegir5bh65o.i.optimole.com\/cb:7xQJ.1858b\/w:auto\/h:auto\/q:mauto\/f:best\/https:\/\/bonjour-madrid.com\/wp-content\/uploads\/2021\/03\/TIE-colom.jpg","type":"image\/jpeg"}],"twitter_card":"summary_large_image","twitter_misc":{"Est. reading time":"1 minute"},"schema":{"@context":"https:\/\/schema.org","@graph":[{"@type":"WebPage","@id":"https:\/\/bonjour-madrid.com\/produit\/collecte-de-tie?lang=en","url":"https:\/\/bonjour-madrid.com\/produit\/collecte-de-tie?lang=en","name":"Collection of TIE | Bonjour Madrid","isPartOf":{"@id":"https:\/\/bonjour-madrid.com\/#website"},"primaryImageOfPage":{"@id":"https:\/\/bonjour-madrid.com\/produit\/collecte-de-tie?lang=en#primaryimage"},"image":{"@id":"https:\/\/bonjour-madrid.com\/produit\/collecte-de-tie?lang=en#primaryimage"},"thumbnailUrl":"https:\/\/mlegir5bh65o.i.optimole.com\/cb:7xQJ.1858b\/w:auto\/h:auto\/q:mauto\/f:best\/https:\/\/bonjour-madrid.com\/wp-content\/uploads\/2021\/03\/TIE-colom.jpg","datePublished":"2021-04-26T07:53:19+00:00","dateModified":"2021-04-26T08:29:10+00:00","breadcrumb":{"@id":"https:\/\/bonjour-madrid.com\/produit\/collecte-de-tie?lang=en#breadcrumb"},"inLanguage":"en-US","potentialAction":[{"@type":"ReadAction","target":["https:\/\/bonjour-madrid.com\/produit\/collecte-de-tie?lang=en"]}]},{"@type":"ImageObject","inLanguage":"en-US","@id":"https:\/\/bonjour-madrid.com\/produit\/collecte-de-tie?lang=en#primaryimage","url":"https:\/\/mlegir5bh65o.i.optimole.com\/cb:7xQJ.1858b\/w:auto\/h:auto\/q:mauto\/f:best\/https:\/\/bonjour-madrid.com\/wp-content\/uploads\/2021\/03\/TIE-colom.jpg","contentUrl":"https:\/\/mlegir5bh65o.i.optimole.com\/cb:7xQJ.1858b\/w:auto\/h:auto\/q:mauto\/f:best\/https:\/\/bonjour-madrid.com\/wp-content\/uploads\/2021\/03\/TIE-colom.jpg","width":1500,"height":1090},{"@type":"BreadcrumbList","@id":"https:\/\/bonjour-madrid.com\/produit\/collecte-de-tie?lang=en#breadcrumb","itemListElement":[{"@type":"ListItem","position":1,"name":"Accueil","item":"https:\/\/bonjour-madrid.com\/en\/"},{"@type":"ListItem","position":2,"name":"Boutique","item":"https:\/\/bonjour-madrid.com\/boutique\/"},{"@type":"ListItem","position":3,"name":"Collection of TIE"}]},{"@type":"WebSite","@id":"https:\/\/bonjour-madrid.com\/#website","url":"https:\/\/bonjour-madrid.com\/","name":"Bonjour Madrid","description":"Vous installer en Espagne n&#039;\u00e0 jamais \u00e9t\u00e9 aussi facile.","publisher":{"@id":"https:\/\/bonjour-madrid.com\/#organization"},"potentialAction":[{"@type":"SearchAction","target":{"@type":"EntryPoint","urlTemplate":"https:\/\/bonjour-madrid.com\/?s={search_term_string}"},"query-input":{"@type":"PropertyValueSpecification","valueRequired":true,"valueName":"search_term_string"}}],"inLanguage":"en-US"},{"@type":"Organization","@id":"https:\/\/bonjour-madrid.com\/#organization","name":"Bonjour Madrid","url":"https:\/\/bonjour-madrid.com\/","logo":{"@type":"ImageObject","inLanguage":"en-US","@id":"https:\/\/bonjour-madrid.com\/#\/schema\/logo\/image\/","url":"https:\/\/mlegir5bh65o.i.optimole.com\/cb:7xQJ.1858b\/w:auto\/h:auto\/q:mauto\/f:best\/https:\/\/bonjour-madrid.com\/wp-content\/uploads\/2025\/04\/bonjour-madrid-logo-noir.webp","contentUrl":"https:\/\/mlegir5bh65o.i.optimole.com\/cb:7xQJ.1858b\/w:auto\/h:auto\/q:mauto\/f:best\/https:\/\/bonjour-madrid.com\/wp-content\/uploads\/2025\/04\/bonjour-madrid-logo-noir.webp","width":1127,"height":349,"caption":"Bonjour Madrid"},"image":{"@id":"https:\/\/bonjour-madrid.com\/#\/schema\/logo\/image\/"}}]}},"_links":{"self":[{"href":"https:\/\/bonjour-madrid.com\/en\/wp-json\/wp\/v2\/product\/16930","targetHints":{"allow":["GET"]}}],"collection":[{"href":"https:\/\/bonjour-madrid.com\/en\/wp-json\/wp\/v2\/product"}],"about":[{"href":"https:\/\/bonjour-madrid.com\/en\/wp-json\/wp\/v2\/types\/product"}],"version-history":[{"count":0,"href":"https:\/\/bonjour-madrid.com\/en\/wp-json\/wp\/v2\/product\/16930\/revisions"}],"wp:featuredmedia":[{"embeddable":true,"href":"https:\/\/bonjour-madrid.com\/en\/wp-json\/wp\/v2\/media\/16934"}],"wp:attachment":[{"href":"https:\/\/bonjour-madrid.com\/en\/wp-json\/wp\/v2\/media?parent=16930"}],"wp:term":[{"taxonomy":"product_brand","embeddable":true,"href":"https:\/\/bonjour-madrid.com\/en\/wp-json\/wp\/v2\/product_brand?post=16930"},{"taxonomy":"product_cat","embeddable":true,"href":"https:\/\/bonjour-madrid.com\/en\/wp-json\/wp\/v2\/product_cat?post=16930"},{"taxonomy":"product_tag","embeddable":true,"href":"https:\/\/bonjour-madrid.com\/en\/wp-json\/wp\/v2\/product_tag?post=16930"}],"curies":[{"name":"wp","href":"https:\/\/api.w.org\/{rel}","templated":true}]}}