{"id":16820,"date":"2021-04-22T17:05:54","date_gmt":"2021-04-22T17:05:54","guid":{"rendered":"http:\/\/bonjour-madrid.com\/?page_id=16820"},"modified":"2021-04-27T13:09:55","modified_gmt":"2021-04-27T13:09:55","slug":"general-terms-and-conditions","status":"publish","type":"page","link":"https:\/\/bonjour-madrid.com\/en\/general-terms-and-conditions\/","title":{"rendered":"General terms and conditions"},"content":{"rendered":"\t\t<div data-elementor-type=\"wp-page\" data-elementor-id=\"16820\" class=\"elementor elementor-16820 elementor-3\" data-elementor-post-type=\"page\">\n\t\t\t\t\t\t<section class=\"elementor-section elementor-top-section elementor-element elementor-element-396100d elementor-section-boxed elementor-section-height-default elementor-section-height-default\" data-id=\"396100d\" data-element_type=\"section\" data-e-type=\"section\">\n\t\t\t\t\t\t<div class=\"elementor-container elementor-column-gap-default\">\n\t\t\t\t\t<div class=\"elementor-column elementor-col-100 elementor-top-column elementor-element elementor-element-74ba4a5\" data-id=\"74ba4a5\" data-element_type=\"column\" data-e-type=\"column\">\n\t\t\t<div class=\"elementor-widget-wrap elementor-element-populated\">\n\t\t\t\t\t\t<div class=\"elementor-element elementor-element-20414fb7 elementor-widget elementor-widget-text-editor\" data-id=\"20414fb7\" data-element_type=\"widget\" data-e-type=\"widget\" data-widget_type=\"text-editor.default\">\n\t\t\t\t\t\t\t\t\t\n<p><strong>General terms and conditions<br \/><\/strong><\/p>\n\t\t\t\t\t\t\t\t<\/div>\n\t\t\t\t<div class=\"elementor-element elementor-element-910049b elementor-widget elementor-widget-text-editor\" data-id=\"910049b\" data-element_type=\"widget\" data-e-type=\"widget\" data-widget_type=\"text-editor.default\">\n\t\t\t\t\t\t\t\t\t<p><\/p>\n<p><strong>1. Preamble<\/strong><br \/>The document below details the general conditions of sale of the services offered by Bonjour Barcelona, represented by Clothilde Grumelo, acting in her capacity as a professional (auto-entrepreneur \/ &#8220;autonomo&#8221;), with NIE number Y3142240V and residing at the following address Paseo Sant Albert 2, Esc 1, 1-A, 08810 Sant Pere de Ribes, Spain.<br \/><br \/><strong>2. Field of application<\/strong><br \/>These general conditions aim to define the contractual links between the parties as well as their rights and obligations for any online purchase of services offered by the seller. \u00a0 <br \/><br \/>These general conditions apply, without conditions nor reserve, to the entirety of the sales concluded on the Web site http:\/\/bonjour-madrid.com by the professional Clothilde Grumelo hereafter &#8220;salesman&#8221; &#8211; with the private individuals &#8211; hereafter &#8220;the purchaser&#8221; wishing to have recourse to the services proposed by Bonjour Barcelona. \u00a0 <br \/><br \/>These conditions can be consulted at any time on the site http:\/\/bonjour-madrid.com\/conditions-generales-de-vente and will thus prevail on any other contradictory version. \u00a0 <br \/><br \/><\/p>\n<p>The GTS are integral part of the contract concluded between the salesman and the purchaser. They are therefore fully opposable to both parties from the moment the consumer has accepted them, at the time of his order. The seller retains the right to modify these terms and conditions without notice and at any time. The version of these conditions, applicable to the purchase by the customer of one or more services, is therefore always deemed to be the one in force at the date of the order. \u00a0 \u00a0 <br \/><br \/><strong>3. Exclusions<\/strong><br \/>These general conditions of sale are applicable only to so-called private consumers. The &#8220;individuals&#8221; &#8211; consumers and\/or users &#8211; being, according to the &#8220;Ley general para la defensa de los consumidores y usuarios&#8221; (Spanish General Law for the Defense of Consumers and Users), the physical or moral persons who acquire, use or enjoy, as final recipients, movable or immovable goods, products, services, activities or functions, regardless of the public or private, individual or collective nature of those who produce, facilitate, provide or deliver them. \u00a0<\/p>\n<p><br \/><strong>4.\u00a0Characteristics of the services provided<br \/><\/strong>The activity developed by &#8220;Bonjour Barcelona&#8221; is of interest to individuals wishing to settle in Spain, around the city of Barcelona, and includes various administrative services. Each service is accompanied by a description on its product sheet that you can find on the website http:\/\/bonjour-madrid.com. The list of services available on the website is not exhaustive and can be completed by the seller at any time. For any request, please contact: contact@bonjour-madrid.com<\/p>\n<p><\/p>\n<p><strong>5. Prices<\/strong><br \/>The services are provided at the prices indicated on the website during the registration of the order. The prices of each service are expressed in Euros (\u20ac) all taxes included. The total payment requested from the customer corresponds to the total amount of the purchase.<\/p>\n<p>Bonjour Barcelona holds the right to modify at any time, without notice and in a unilateral way, the prices of the products proposed on the Site, although this modification does not affect the orders previously placed by the User for which Bonjour Barcelona already sent to the User the corresponding &#8220;Confirmation of order&#8221;. \u00a0 <br \/><br \/><br \/><strong>6. Right of withdrawal<\/strong><br \/>The buyer has a right of withdrawal of 14 days. However, Bonjour Barcelona indicates that according to the article 103 of the general law for the defense of the consumers and the users, this right of withdrawal is limited.<\/p>\n<p>Indeed, this right of withdrawal will not be applicable to the contracts when the service has been fully executed, that is to say when the buyer will have received in his mailbox the necessary documents and the appointment that correspond to the purchased product.<\/p>\n<p><br \/><strong>7. Time frame of the services<br \/><\/strong>The deadlines for the execution of the services correspond to the deadlines listed under each product sheet (see &#8220;Product Details&#8221;).<\/p>\n<p><br \/><strong>8. Ordering process<\/strong><\/p>\n<p>The customer wishing to purchase a service from Bonjour Barcelona must<br \/>&#8211; Select the service which interests the buyer<br \/>&#8211; Validate his order after having verified it and filled the totality of the requested information<br \/>&#8211; Carry out the payment in the conditions and by the means provided and confirm the order<\/p>\n<p>By ordering the services proposed by &#8221; Bonjour Barcelona &#8220;, the customer confirms having taken knowledge of the present general conditions and having accepted them. The validation of the order corresponds, for the customer, to the acceptance without reserve nor restriction, of the present conditions. Barring proof to the contrary, all information and data supplied recorded by &#8221; Bonjour Barcelona &#8221; constitutes a proof of the whole of the transactions carried out between the salesman and his customer.<\/p>\n<p>In the case where Bonjour Barcelona considers that they are not in possession of information necessary to the provision of the service, they will recontact you within 3 working days.<\/p>\n<p>Once the service will be provided, Bonjour Barcelona will put at your disposal by email all the necessary documents corresponding to the product, and this, within the time limit indicated on every product card. For any order, an email of confirmation will be sent to you.<\/p>\n<p><br \/><strong>9.\u00a0Methods of payment<br \/><\/strong>The online payment, by secured way, will be carried out by the following means only:<br \/>&#8211; Credit Card (through the Stripe payment platform)<br \/>&#8211; Bank transfer<br \/>&#8211; Bizum (digital payment platform)<br \/><br \/><strong>10.\u00a0Responsibility<br \/><\/strong>Within the framework of the on-line sale of its services, the salesman is held only by an obligation of means. It shall not be held liable for any damage related to the use of the Internet, such as loss of data, intrusion of a virus or any other problem beyond its control and will.<\/p>\n<p><br \/><strong>11 &#8211;\u00a0Protection of privacy and personal data<br \/><\/strong>As established in our privacy policy, the Company commits itself to use Users&#8217; data, to respect their confidentiality and to use them in accordance with the purpose of the file, as well as to respect its obligation to keep them and to adapt all measures to avoid alteration, loss, unauthorized access or processing in accordance with the provisions of the current legislation on the protection of personal data.<\/p>\n<p>To learn more about the company&#8217;s privacy policy, please read our privacy policy and our cookie policy. <br \/>\u00a0 <br \/><br \/><strong>12. Language<\/strong><\/p>\n<p>These terms and conditions are written in the <strong>French language<\/strong>. In the event that they are translated into a foreign language, only the French version will be opposable in case of litigation. <\/p>\n<p><br \/><strong>13.<\/strong> Applicable law and competent court<\/p>\n<p>The present general terms and conditions and the operations derived from them are governed by and subject to Spanish law. Any dispute, related to the purchase and sale operations carried out in application of these General Conditions, which could not be resolved between the professional and his client will be submitted to the competent court of Barcelona under the conditions of common law.<\/p>\t\t\t\t\t\t\t\t<\/div>\n\t\t\t\t\t<\/div>\n\t\t<\/div>\n\t\t\t\t\t<\/div>\n\t\t<\/section>\n\t\t\t\t<\/div>\n\t\t","protected":false},"excerpt":{"rendered":"<p>General terms and conditions 1. PreambleThe document below details the general conditions of sale of the services offered by Bonjour Barcelona, represented by Clothilde Grumelo, acting in her capacity as a professional (auto-entrepreneur \/ &#8220;autonomo&#8221;), with NIE number Y3142240V and residing at the following address Paseo Sant Albert 2, Esc [&hellip;]<\/p>\n","protected":false},"author":3,"featured_media":0,"parent":0,"menu_order":0,"comment_status":"closed","ping_status":"closed","template":"","meta":{"_monsterinsights_skip_tracking":false,"_monsterinsights_sitenote_active":false,"_monsterinsights_sitenote_note":"","_monsterinsights_sitenote_category":0,"footnotes":""},"class_list":["post-16820","page","type-page","status-publish","hentry"],"yoast_head":"<!-- This site is optimized with the Yoast SEO plugin v27.5 - https:\/\/yoast.com\/product\/yoast-seo-wordpress\/ -->\n<title>General terms and conditions | Bonjour Madrid<\/title>\n<meta name=\"robots\" content=\"index, follow, max-snippet:-1, max-image-preview:large, max-video-preview:-1\" \/>\n<link rel=\"canonical\" href=\"https:\/\/bonjour-madrid.com\/general-terms-and-conditions\/?lang=en\" \/>\n<meta property=\"og:locale\" content=\"en_US\" \/>\n<meta property=\"og:type\" content=\"article\" \/>\n<meta property=\"og:title\" content=\"General terms and conditions | Bonjour Madrid\" \/>\n<meta property=\"og:description\" content=\"General terms and conditions 1. PreambleThe document below details the general conditions of sale of the services offered by Bonjour Barcelona, represented by Clothilde Grumelo, acting in her capacity as a professional (auto-entrepreneur \/ &#8220;autonomo&#8221;), with NIE number Y3142240V and residing at the following address Paseo Sant Albert 2, Esc [&hellip;]\" \/>\n<meta property=\"og:url\" content=\"https:\/\/bonjour-madrid.com\/general-terms-and-conditions\/?lang=en\" \/>\n<meta property=\"og:site_name\" content=\"Bonjour Madrid\" \/>\n<meta property=\"article:modified_time\" content=\"2021-04-27T13:09:55+00:00\" \/>\n<meta name=\"twitter:card\" content=\"summary_large_image\" \/>\n<meta name=\"twitter:label1\" content=\"Est. reading time\" \/>\n\t<meta name=\"twitter:data1\" content=\"5 minutes\" \/>\n<script type=\"application\/ld+json\" class=\"yoast-schema-graph\">{\"@context\":\"https:\\\/\\\/schema.org\",\"@graph\":[{\"@type\":\"WebPage\",\"@id\":\"https:\\\/\\\/bonjour-madrid.com\\\/general-terms-and-conditions\\\/?lang=en\",\"url\":\"https:\\\/\\\/bonjour-madrid.com\\\/general-terms-and-conditions\\\/?lang=en\",\"name\":\"General terms and conditions | Bonjour Madrid\",\"isPartOf\":{\"@id\":\"https:\\\/\\\/bonjour-madrid.com\\\/#website\"},\"datePublished\":\"2021-04-22T17:05:54+00:00\",\"dateModified\":\"2021-04-27T13:09:55+00:00\",\"breadcrumb\":{\"@id\":\"https:\\\/\\\/bonjour-madrid.com\\\/general-terms-and-conditions\\\/?lang=en#breadcrumb\"},\"inLanguage\":\"en-US\",\"potentialAction\":[{\"@type\":\"ReadAction\",\"target\":[\"https:\\\/\\\/bonjour-madrid.com\\\/general-terms-and-conditions\\\/?lang=en\"]}]},{\"@type\":\"BreadcrumbList\",\"@id\":\"https:\\\/\\\/bonjour-madrid.com\\\/general-terms-and-conditions\\\/?lang=en#breadcrumb\",\"itemListElement\":[{\"@type\":\"ListItem\",\"position\":1,\"name\":\"Accueil\",\"item\":\"https:\\\/\\\/bonjour-madrid.com\\\/en\\\/\"},{\"@type\":\"ListItem\",\"position\":2,\"name\":\"General terms and conditions\"}]},{\"@type\":\"WebSite\",\"@id\":\"https:\\\/\\\/bonjour-madrid.com\\\/#website\",\"url\":\"https:\\\/\\\/bonjour-madrid.com\\\/\",\"name\":\"Bonjour Madrid\",\"description\":\"Vous installer en Espagne n&#039;\u00e0 jamais \u00e9t\u00e9 aussi facile.\",\"publisher\":{\"@id\":\"https:\\\/\\\/bonjour-madrid.com\\\/#organization\"},\"potentialAction\":[{\"@type\":\"SearchAction\",\"target\":{\"@type\":\"EntryPoint\",\"urlTemplate\":\"https:\\\/\\\/bonjour-madrid.com\\\/?s={search_term_string}\"},\"query-input\":{\"@type\":\"PropertyValueSpecification\",\"valueRequired\":true,\"valueName\":\"search_term_string\"}}],\"inLanguage\":\"en-US\"},{\"@type\":\"Organization\",\"@id\":\"https:\\\/\\\/bonjour-madrid.com\\\/#organization\",\"name\":\"Bonjour Madrid\",\"url\":\"https:\\\/\\\/bonjour-madrid.com\\\/\",\"logo\":{\"@type\":\"ImageObject\",\"inLanguage\":\"en-US\",\"@id\":\"https:\\\/\\\/bonjour-madrid.com\\\/#\\\/schema\\\/logo\\\/image\\\/\",\"url\":\"https:\\/\\/bonjour-madrid.com\\/wp-content\\/uploads\\/2025\\/04\\/bonjour-madrid-logo-noir.webp\",\"contentUrl\":\"https:\\/\\/bonjour-madrid.com\\/wp-content\\/uploads\\/2025\\/04\\/bonjour-madrid-logo-noir.webp\",\"width\":1127,\"height\":349,\"caption\":\"Bonjour Madrid\"},\"image\":{\"@id\":\"https:\\\/\\\/bonjour-madrid.com\\\/#\\\/schema\\\/logo\\\/image\\\/\"}}]}<\/script>\n<!-- \/ Yoast SEO plugin. -->","yoast_head_json":{"title":"General terms and conditions | Bonjour Madrid","robots":{"index":"index","follow":"follow","max-snippet":"max-snippet:-1","max-image-preview":"max-image-preview:large","max-video-preview":"max-video-preview:-1"},"canonical":"https:\/\/bonjour-madrid.com\/general-terms-and-conditions\/?lang=en","og_locale":"en_US","og_type":"article","og_title":"General terms and conditions | Bonjour Madrid","og_description":"General terms and conditions 1. PreambleThe document below details the general conditions of sale of the services offered by Bonjour Barcelona, represented by Clothilde Grumelo, acting in her capacity as a professional (auto-entrepreneur \/ &#8220;autonomo&#8221;), with NIE number Y3142240V and residing at the following address Paseo Sant Albert 2, Esc [&hellip;]","og_url":"https:\/\/bonjour-madrid.com\/general-terms-and-conditions\/?lang=en","og_site_name":"Bonjour Madrid","article_modified_time":"2021-04-27T13:09:55+00:00","twitter_card":"summary_large_image","twitter_misc":{"Est. reading time":"5 minutes"},"schema":{"@context":"https:\/\/schema.org","@graph":[{"@type":"WebPage","@id":"https:\/\/bonjour-madrid.com\/general-terms-and-conditions\/?lang=en","url":"https:\/\/bonjour-madrid.com\/general-terms-and-conditions\/?lang=en","name":"General terms and conditions | Bonjour Madrid","isPartOf":{"@id":"https:\/\/bonjour-madrid.com\/#website"},"datePublished":"2021-04-22T17:05:54+00:00","dateModified":"2021-04-27T13:09:55+00:00","breadcrumb":{"@id":"https:\/\/bonjour-madrid.com\/general-terms-and-conditions\/?lang=en#breadcrumb"},"inLanguage":"en-US","potentialAction":[{"@type":"ReadAction","target":["https:\/\/bonjour-madrid.com\/general-terms-and-conditions\/?lang=en"]}]},{"@type":"BreadcrumbList","@id":"https:\/\/bonjour-madrid.com\/general-terms-and-conditions\/?lang=en#breadcrumb","itemListElement":[{"@type":"ListItem","position":1,"name":"Accueil","item":"https:\/\/bonjour-madrid.com\/en\/"},{"@type":"ListItem","position":2,"name":"General terms and conditions"}]},{"@type":"WebSite","@id":"https:\/\/bonjour-madrid.com\/#website","url":"https:\/\/bonjour-madrid.com\/","name":"Bonjour Madrid","description":"Vous installer en Espagne n&#039;\u00e0 jamais \u00e9t\u00e9 aussi facile.","publisher":{"@id":"https:\/\/bonjour-madrid.com\/#organization"},"potentialAction":[{"@type":"SearchAction","target":{"@type":"EntryPoint","urlTemplate":"https:\/\/bonjour-madrid.com\/?s={search_term_string}"},"query-input":{"@type":"PropertyValueSpecification","valueRequired":true,"valueName":"search_term_string"}}],"inLanguage":"en-US"},{"@type":"Organization","@id":"https:\/\/bonjour-madrid.com\/#organization","name":"Bonjour Madrid","url":"https:\/\/bonjour-madrid.com\/","logo":{"@type":"ImageObject","inLanguage":"en-US","@id":"https:\/\/bonjour-madrid.com\/#\/schema\/logo\/image\/","url":"https:\/\/mlegir5bh65o.i.optimole.com\/cb:7xQJ.1858b\/w:auto\/h:auto\/q:mauto\/f:best\/https:\/\/bonjour-madrid.com\/wp-content\/uploads\/2025\/04\/bonjour-madrid-logo-noir.webp","contentUrl":"https:\/\/mlegir5bh65o.i.optimole.com\/cb:7xQJ.1858b\/w:auto\/h:auto\/q:mauto\/f:best\/https:\/\/bonjour-madrid.com\/wp-content\/uploads\/2025\/04\/bonjour-madrid-logo-noir.webp","width":1127,"height":349,"caption":"Bonjour Madrid"},"image":{"@id":"https:\/\/bonjour-madrid.com\/#\/schema\/logo\/image\/"}}]}},"_links":{"self":[{"href":"https:\/\/bonjour-madrid.com\/en\/wp-json\/wp\/v2\/pages\/16820","targetHints":{"allow":["GET"]}}],"collection":[{"href":"https:\/\/bonjour-madrid.com\/en\/wp-json\/wp\/v2\/pages"}],"about":[{"href":"https:\/\/bonjour-madrid.com\/en\/wp-json\/wp\/v2\/types\/page"}],"author":[{"embeddable":true,"href":"https:\/\/bonjour-madrid.com\/en\/wp-json\/wp\/v2\/users\/3"}],"replies":[{"embeddable":true,"href":"https:\/\/bonjour-madrid.com\/en\/wp-json\/wp\/v2\/comments?post=16820"}],"version-history":[{"count":0,"href":"https:\/\/bonjour-madrid.com\/en\/wp-json\/wp\/v2\/pages\/16820\/revisions"}],"wp:attachment":[{"href":"https:\/\/bonjour-madrid.com\/en\/wp-json\/wp\/v2\/media?parent=16820"}],"curies":[{"name":"wp","href":"https:\/\/api.w.org\/{rel}","templated":true}]}}