{"id":16672,"date":"2021-04-22T14:10:36","date_gmt":"2021-04-22T14:10:36","guid":{"rendered":"http:\/\/bonjour-madrid.com\/?page_id=16672"},"modified":"2024-05-09T14:08:33","modified_gmt":"2024-05-09T12:08:33","slug":"blog","status":"publish","type":"page","link":"https:\/\/bonjour-madrid.com\/en\/blog\/","title":{"rendered":"Blog"},"content":{"rendered":"\t\t<div data-elementor-type=\"wp-page\" data-elementor-id=\"16672\" class=\"elementor elementor-16672 elementor-15911\" data-elementor-post-type=\"page\">\n\t\t\t\t\t\t<section class=\"elementor-section elementor-top-section elementor-element elementor-element-5097124 elementor-section-height-min-height elementor-section-stretched elementor-section-boxed elementor-section-height-default elementor-section-items-middle\" data-id=\"5097124\" data-element_type=\"section\" data-e-type=\"section\" data-settings=\"{&quot;stretch_section&quot;:&quot;section-stretched&quot;,&quot;background_background&quot;:&quot;slideshow&quot;,&quot;background_slideshow_gallery&quot;:[{&quot;id&quot;:15944,&quot;url&quot;:&quot;https:\\/\\/mlegir5bh65o.i.optimole.com\\/cb:7xQJ.1858b\\/w:auto\\/h:auto\\/q:mauto\\/f:best\\/http:\\/\\/bonjour-madrid.com\\/wp-content\\/uploads\\/2021\\/03\\/bonjour_barcelona_banners_1920x470_blog.jpg&quot;}],&quot;background_slideshow_loop&quot;:&quot;yes&quot;,&quot;background_slideshow_slide_duration&quot;:5000,&quot;background_slideshow_slide_transition&quot;:&quot;fade&quot;,&quot;background_slideshow_transition_duration&quot;:500}\">\n\t\t\t\t\t\t<div class=\"elementor-container elementor-column-gap-default\">\n\t\t\t\t\t<div class=\"elementor-column elementor-col-100 elementor-top-column elementor-element elementor-element-47d65c6\" data-id=\"47d65c6\" data-element_type=\"column\" data-e-type=\"column\">\n\t\t\t<div class=\"elementor-widget-wrap\">\n\t\t\t\t\t\t\t<\/div>\n\t\t<\/div>\n\t\t\t\t\t<\/div>\n\t\t<\/section>\n\t\t<div class=\"elementor-element elementor-element-17b52e0 e-flex e-con-boxed e-con e-parent\" data-id=\"17b52e0\" data-element_type=\"container\" data-e-type=\"container\">\n\t\t\t\t\t<div class=\"e-con-inner\">\n\t\t\t\t\t<\/div>\n\t\t\t\t<\/div>\n\t\t\t\t<\/div>\n\t\t","protected":false},"excerpt":{"rendered":"","protected":false},"author":1,"featured_media":0,"parent":0,"menu_order":0,"comment_status":"closed","ping_status":"closed","template":"","meta":{"_monsterinsights_skip_tracking":false,"_monsterinsights_sitenote_active":false,"_monsterinsights_sitenote_note":"","_monsterinsights_sitenote_category":0,"footnotes":""},"class_list":["post-16672","page","type-page","status-publish","hentry"],"yoast_head":"<!-- This site is optimized with the Yoast SEO plugin v27.5 - https:\/\/yoast.com\/product\/yoast-seo-wordpress\/ -->\n<title>Blog | Bonjour Madrid<\/title>\n<meta name=\"robots\" content=\"index, follow, max-snippet:-1, max-image-preview:large, max-video-preview:-1\" \/>\n<link rel=\"canonical\" href=\"https:\/\/bonjour-madrid.com\/blog\/?lang=en\" \/>\n<meta property=\"og:locale\" content=\"en_US\" \/>\n<meta property=\"og:type\" content=\"article\" \/>\n<meta property=\"og:title\" content=\"Blog | Bonjour Madrid\" \/>\n<meta property=\"og:url\" content=\"https:\/\/bonjour-madrid.com\/blog\/?lang=en\" \/>\n<meta property=\"og:site_name\" content=\"Bonjour Madrid\" \/>\n<meta property=\"article:modified_time\" content=\"2024-05-09T12:08:33+00:00\" \/>\n<meta name=\"twitter:card\" content=\"summary_large_image\" \/>\n<meta name=\"twitter:label1\" content=\"Est. reading time\" \/>\n\t<meta name=\"twitter:data1\" content=\"1 minute\" \/>\n<script type=\"application\/ld+json\" class=\"yoast-schema-graph\">{\"@context\":\"https:\\\/\\\/schema.org\",\"@graph\":[{\"@type\":\"WebPage\",\"@id\":\"https:\\\/\\\/bonjour-madrid.com\\\/blog\\\/?lang=en\",\"url\":\"https:\\\/\\\/bonjour-madrid.com\\\/blog\\\/?lang=en\",\"name\":\"Blog | Bonjour Madrid\",\"isPartOf\":{\"@id\":\"https:\\\/\\\/bonjour-madrid.com\\\/#website\"},\"datePublished\":\"2021-04-22T14:10:36+00:00\",\"dateModified\":\"2024-05-09T12:08:33+00:00\",\"breadcrumb\":{\"@id\":\"https:\\\/\\\/bonjour-madrid.com\\\/blog\\\/?lang=en#breadcrumb\"},\"inLanguage\":\"en-US\",\"potentialAction\":[{\"@type\":\"ReadAction\",\"target\":[\"https:\\\/\\\/bonjour-madrid.com\\\/blog\\\/?lang=en\"]}]},{\"@type\":\"BreadcrumbList\",\"@id\":\"https:\\\/\\\/bonjour-madrid.com\\\/blog\\\/?lang=en#breadcrumb\",\"itemListElement\":[{\"@type\":\"ListItem\",\"position\":1,\"name\":\"Accueil\",\"item\":\"https:\\\/\\\/bonjour-madrid.com\\\/en\\\/\"},{\"@type\":\"ListItem\",\"position\":2,\"name\":\"Blog\"}]},{\"@type\":\"WebSite\",\"@id\":\"https:\\\/\\\/bonjour-madrid.com\\\/#website\",\"url\":\"https:\\\/\\\/bonjour-madrid.com\\\/\",\"name\":\"Bonjour Madrid\",\"description\":\"Vous installer en Espagne n&#039;\u00e0 jamais \u00e9t\u00e9 aussi facile.\",\"publisher\":{\"@id\":\"https:\\\/\\\/bonjour-madrid.com\\\/#organization\"},\"potentialAction\":[{\"@type\":\"SearchAction\",\"target\":{\"@type\":\"EntryPoint\",\"urlTemplate\":\"https:\\\/\\\/bonjour-madrid.com\\\/?s={search_term_string}\"},\"query-input\":{\"@type\":\"PropertyValueSpecification\",\"valueRequired\":true,\"valueName\":\"search_term_string\"}}],\"inLanguage\":\"en-US\"},{\"@type\":\"Organization\",\"@id\":\"https:\\\/\\\/bonjour-madrid.com\\\/#organization\",\"name\":\"Bonjour Madrid\",\"url\":\"https:\\\/\\\/bonjour-madrid.com\\\/\",\"logo\":{\"@type\":\"ImageObject\",\"inLanguage\":\"en-US\",\"@id\":\"https:\\\/\\\/bonjour-madrid.com\\\/#\\\/schema\\\/logo\\\/image\\\/\",\"url\":\"https:\\/\\/bonjour-madrid.com\\/wp-content\\/uploads\\/2025\\/04\\/bonjour-madrid-logo-noir.webp\",\"contentUrl\":\"https:\\/\\/bonjour-madrid.com\\/wp-content\\/uploads\\/2025\\/04\\/bonjour-madrid-logo-noir.webp\",\"width\":1127,\"height\":349,\"caption\":\"Bonjour Madrid\"},\"image\":{\"@id\":\"https:\\\/\\\/bonjour-madrid.com\\\/#\\\/schema\\\/logo\\\/image\\\/\"}}]}<\/script>\n<!-- \/ Yoast SEO plugin. -->","yoast_head_json":{"title":"Blog | Bonjour Madrid","robots":{"index":"index","follow":"follow","max-snippet":"max-snippet:-1","max-image-preview":"max-image-preview:large","max-video-preview":"max-video-preview:-1"},"canonical":"https:\/\/bonjour-madrid.com\/blog\/?lang=en","og_locale":"en_US","og_type":"article","og_title":"Blog | Bonjour Madrid","og_url":"https:\/\/bonjour-madrid.com\/blog\/?lang=en","og_site_name":"Bonjour Madrid","article_modified_time":"2024-05-09T12:08:33+00:00","twitter_card":"summary_large_image","twitter_misc":{"Est. reading time":"1 minute"},"schema":{"@context":"https:\/\/schema.org","@graph":[{"@type":"WebPage","@id":"https:\/\/bonjour-madrid.com\/blog\/?lang=en","url":"https:\/\/bonjour-madrid.com\/blog\/?lang=en","name":"Blog | Bonjour Madrid","isPartOf":{"@id":"https:\/\/bonjour-madrid.com\/#website"},"datePublished":"2021-04-22T14:10:36+00:00","dateModified":"2024-05-09T12:08:33+00:00","breadcrumb":{"@id":"https:\/\/bonjour-madrid.com\/blog\/?lang=en#breadcrumb"},"inLanguage":"en-US","potentialAction":[{"@type":"ReadAction","target":["https:\/\/bonjour-madrid.com\/blog\/?lang=en"]}]},{"@type":"BreadcrumbList","@id":"https:\/\/bonjour-madrid.com\/blog\/?lang=en#breadcrumb","itemListElement":[{"@type":"ListItem","position":1,"name":"Accueil","item":"https:\/\/bonjour-madrid.com\/en\/"},{"@type":"ListItem","position":2,"name":"Blog"}]},{"@type":"WebSite","@id":"https:\/\/bonjour-madrid.com\/#website","url":"https:\/\/bonjour-madrid.com\/","name":"Bonjour Madrid","description":"Vous installer en Espagne n&#039;\u00e0 jamais \u00e9t\u00e9 aussi facile.","publisher":{"@id":"https:\/\/bonjour-madrid.com\/#organization"},"potentialAction":[{"@type":"SearchAction","target":{"@type":"EntryPoint","urlTemplate":"https:\/\/bonjour-madrid.com\/?s={search_term_string}"},"query-input":{"@type":"PropertyValueSpecification","valueRequired":true,"valueName":"search_term_string"}}],"inLanguage":"en-US"},{"@type":"Organization","@id":"https:\/\/bonjour-madrid.com\/#organization","name":"Bonjour Madrid","url":"https:\/\/bonjour-madrid.com\/","logo":{"@type":"ImageObject","inLanguage":"en-US","@id":"https:\/\/bonjour-madrid.com\/#\/schema\/logo\/image\/","url":"https:\/\/mlegir5bh65o.i.optimole.com\/cb:7xQJ.1858b\/w:auto\/h:auto\/q:mauto\/f:best\/https:\/\/bonjour-madrid.com\/wp-content\/uploads\/2025\/04\/bonjour-madrid-logo-noir.webp","contentUrl":"https:\/\/mlegir5bh65o.i.optimole.com\/cb:7xQJ.1858b\/w:auto\/h:auto\/q:mauto\/f:best\/https:\/\/bonjour-madrid.com\/wp-content\/uploads\/2025\/04\/bonjour-madrid-logo-noir.webp","width":1127,"height":349,"caption":"Bonjour Madrid"},"image":{"@id":"https:\/\/bonjour-madrid.com\/#\/schema\/logo\/image\/"}}]}},"_links":{"self":[{"href":"https:\/\/bonjour-madrid.com\/en\/wp-json\/wp\/v2\/pages\/16672","targetHints":{"allow":["GET"]}}],"collection":[{"href":"https:\/\/bonjour-madrid.com\/en\/wp-json\/wp\/v2\/pages"}],"about":[{"href":"https:\/\/bonjour-madrid.com\/en\/wp-json\/wp\/v2\/types\/page"}],"author":[{"embeddable":true,"href":"https:\/\/bonjour-madrid.com\/en\/wp-json\/wp\/v2\/users\/1"}],"replies":[{"embeddable":true,"href":"https:\/\/bonjour-madrid.com\/en\/wp-json\/wp\/v2\/comments?post=16672"}],"version-history":[{"count":0,"href":"https:\/\/bonjour-madrid.com\/en\/wp-json\/wp\/v2\/pages\/16672\/revisions"}],"wp:attachment":[{"href":"https:\/\/bonjour-madrid.com\/en\/wp-json\/wp\/v2\/media?parent=16672"}],"curies":[{"name":"wp","href":"https:\/\/api.w.org\/{rel}","templated":true}]}}